{"id":520,"date":"2020-05-27T20:01:52","date_gmt":"2020-05-27T20:01:52","guid":{"rendered":"http:\/\/www.bertiswiese.de\/?page_id=520"},"modified":"2020-05-27T20:04:02","modified_gmt":"2020-05-27T20:04:02","slug":"sauerkirschmarmelade","status":"publish","type":"page","link":"https:\/\/www.bertiswiese.de\/?page_id=520","title":{"rendered":"Sauerkirschmarmelade"},"content":{"rendered":"\n<p><\/p>\n\n\n\n<p><\/p>\n\n\n\n<p>Zutaten:<\/p>\n\n\n\n<ul class=\"wp-block-list\"><li>700gr Sauerkirschen<\/li><li>350 Gelierzucker<\/li><li>1EL Zwetschgenschnaps<\/li><li>Etwas Zimt<\/li><\/ul>\n\n\n\n<p>Zubereitung:<\/p>\n\n\n\n<p class=\"has-background has-white-background-color\">Sauerkirschen entsteinen und abtropfen lassen danach im Verh\u00e4ltnis 2:1 die Kirschen mit dem Gelierzucker zum kochen bringen und f\u00fcr 15min k\u00f6cheln. Anschlie\u00dfend alles sch\u00f6n passieren und mit mit Schnaps und Zimt abschmecken.<\/p>\n\n\n\n\n\n<figure class=\"wp-block-gallery aligncenter columns-3 is-cropped wp-block-gallery-1 is-layout-flex wp-block-gallery-is-layout-flex\"><ul class=\"blocks-gallery-grid\"><li class=\"blocks-gallery-item\"><figure><img loading=\"lazy\" decoding=\"async\" width=\"1024\" height=\"576\" src=\"http:\/\/www.bertiswiese.de\/wp-content\/uploads\/2020\/05\/20200525_172856-1-1024x576.jpg\" alt=\"\" data-id=\"522\" data-full-url=\"http:\/\/www.bertiswiese.de\/wp-content\/uploads\/2020\/05\/20200525_172856-1-scaled.jpg\" data-link=\"http:\/\/www.bertiswiese.de\/?attachment_id=522\" class=\"wp-image-522\" srcset=\"https:\/\/www.bertiswiese.de\/wp-content\/uploads\/2020\/05\/20200525_172856-1-1024x576.jpg 1024w, https:\/\/www.bertiswiese.de\/wp-content\/uploads\/2020\/05\/20200525_172856-1-300x169.jpg 300w, https:\/\/www.bertiswiese.de\/wp-content\/uploads\/2020\/05\/20200525_172856-1-768x432.jpg 768w, https:\/\/www.bertiswiese.de\/wp-content\/uploads\/2020\/05\/20200525_172856-1-1536x864.jpg 1536w, https:\/\/www.bertiswiese.de\/wp-content\/uploads\/2020\/05\/20200525_172856-1-2048x1152.jpg 2048w\" sizes=\"auto, (max-width: 1024px) 100vw, 1024px\" \/><\/figure><\/li><li class=\"blocks-gallery-item\"><figure><img loading=\"lazy\" decoding=\"async\" width=\"576\" height=\"1024\" src=\"http:\/\/www.bertiswiese.de\/wp-content\/uploads\/2020\/05\/20200526_164041-576x1024.jpg\" alt=\"\" data-id=\"523\" data-full-url=\"http:\/\/www.bertiswiese.de\/wp-content\/uploads\/2020\/05\/20200526_164041-scaled.jpg\" data-link=\"http:\/\/www.bertiswiese.de\/?attachment_id=523\" class=\"wp-image-523\" srcset=\"https:\/\/www.bertiswiese.de\/wp-content\/uploads\/2020\/05\/20200526_164041-576x1024.jpg 576w, https:\/\/www.bertiswiese.de\/wp-content\/uploads\/2020\/05\/20200526_164041-169x300.jpg 169w, https:\/\/www.bertiswiese.de\/wp-content\/uploads\/2020\/05\/20200526_164041-768x1365.jpg 768w, https:\/\/www.bertiswiese.de\/wp-content\/uploads\/2020\/05\/20200526_164041-864x1536.jpg 864w, https:\/\/www.bertiswiese.de\/wp-content\/uploads\/2020\/05\/20200526_164041-1152x2048.jpg 1152w, https:\/\/www.bertiswiese.de\/wp-content\/uploads\/2020\/05\/20200526_164041-scaled.jpg 1440w\" sizes=\"auto, (max-width: 576px) 100vw, 576px\" \/><\/figure><\/li><li class=\"blocks-gallery-item\"><figure><img loading=\"lazy\" decoding=\"async\" width=\"576\" height=\"1024\" src=\"http:\/\/www.bertiswiese.de\/wp-content\/uploads\/2020\/05\/20200526_170145-576x1024.jpg\" alt=\"\" data-id=\"525\" data-full-url=\"http:\/\/www.bertiswiese.de\/wp-content\/uploads\/2020\/05\/20200526_170145-scaled.jpg\" data-link=\"http:\/\/www.bertiswiese.de\/?attachment_id=525\" class=\"wp-image-525\" srcset=\"https:\/\/www.bertiswiese.de\/wp-content\/uploads\/2020\/05\/20200526_170145-576x1024.jpg 576w, https:\/\/www.bertiswiese.de\/wp-content\/uploads\/2020\/05\/20200526_170145-169x300.jpg 169w, https:\/\/www.bertiswiese.de\/wp-content\/uploads\/2020\/05\/20200526_170145-768x1365.jpg 768w, https:\/\/www.bertiswiese.de\/wp-content\/uploads\/2020\/05\/20200526_170145-864x1536.jpg 864w, https:\/\/www.bertiswiese.de\/wp-content\/uploads\/2020\/05\/20200526_170145-1152x2048.jpg 1152w, https:\/\/www.bertiswiese.de\/wp-content\/uploads\/2020\/05\/20200526_170145-scaled.jpg 1440w\" sizes=\"auto, (max-width: 576px) 100vw, 576px\" \/><\/figure><\/li><li class=\"blocks-gallery-item\"><figure><img loading=\"lazy\" decoding=\"async\" width=\"1024\" height=\"576\" src=\"http:\/\/www.bertiswiese.de\/wp-content\/uploads\/2020\/05\/20200526_164107-1024x576.jpg\" alt=\"\" data-id=\"524\" data-full-url=\"http:\/\/www.bertiswiese.de\/wp-content\/uploads\/2020\/05\/20200526_164107-scaled.jpg\" data-link=\"http:\/\/www.bertiswiese.de\/?attachment_id=524\" class=\"wp-image-524\" srcset=\"https:\/\/www.bertiswiese.de\/wp-content\/uploads\/2020\/05\/20200526_164107-1024x576.jpg 1024w, https:\/\/www.bertiswiese.de\/wp-content\/uploads\/2020\/05\/20200526_164107-300x169.jpg 300w, https:\/\/www.bertiswiese.de\/wp-content\/uploads\/2020\/05\/20200526_164107-768x432.jpg 768w, https:\/\/www.bertiswiese.de\/wp-content\/uploads\/2020\/05\/20200526_164107-1536x864.jpg 1536w, https:\/\/www.bertiswiese.de\/wp-content\/uploads\/2020\/05\/20200526_164107-2048x1152.jpg 2048w\" sizes=\"auto, (max-width: 1024px) 100vw, 1024px\" \/><\/figure><\/li><\/ul><\/figure>\n","protected":false},"excerpt":{"rendered":"<p>Zutaten: 700gr Sauerkirschen 350 Gelierzucker 1EL Zwetschgenschnaps Etwas Zimt Zubereitung: Sauerkirschen entsteinen und abtropfen lassen danach im Verh\u00e4ltnis 2:1 die<\/p>\n","protected":false},"author":1,"featured_media":0,"parent":0,"menu_order":0,"comment_status":"closed","ping_status":"closed","template":"","meta":{"footnotes":""},"class_list":["post-520","page","type-page","status-publish","hentry"],"yoast_head":"<!-- This site is optimized with the Yoast SEO plugin v27.3 - https:\/\/yoast.com\/product\/yoast-seo-wordpress\/ -->\n<title>Sauerkirschmarmelade - Bertis Wiese<\/title>\n<meta name=\"robots\" content=\"index, follow, max-snippet:-1, max-image-preview:large, max-video-preview:-1\" \/>\n<link rel=\"canonical\" href=\"https:\/\/www.bertiswiese.de\/?page_id=520\" \/>\n<meta property=\"og:locale\" content=\"de_DE\" \/>\n<meta property=\"og:type\" content=\"article\" \/>\n<meta property=\"og:title\" content=\"Sauerkirschmarmelade - Bertis Wiese\" \/>\n<meta property=\"og:description\" content=\"Zutaten: 700gr Sauerkirschen 350 Gelierzucker 1EL Zwetschgenschnaps Etwas Zimt Zubereitung: Sauerkirschen entsteinen und abtropfen lassen danach im Verh\u00e4ltnis 2:1 die\" \/>\n<meta property=\"og:url\" content=\"https:\/\/www.bertiswiese.de\/?page_id=520\" \/>\n<meta property=\"og:site_name\" content=\"Bertis Wiese\" \/>\n<meta property=\"article:modified_time\" content=\"2020-05-27T20:04:02+00:00\" \/>\n<meta property=\"og:image\" content=\"http:\/\/www.bertiswiese.de\/wp-content\/uploads\/2020\/05\/20200525_172856-1-1024x576.jpg\" \/>\n<meta name=\"twitter:card\" content=\"summary_large_image\" \/>\n<script type=\"application\/ld+json\" class=\"yoast-schema-graph\">{\"@context\":\"https:\\\/\\\/schema.org\",\"@graph\":[{\"@type\":\"WebPage\",\"@id\":\"https:\\\/\\\/www.bertiswiese.de\\\/?page_id=520\",\"url\":\"https:\\\/\\\/www.bertiswiese.de\\\/?page_id=520\",\"name\":\"Sauerkirschmarmelade - Bertis Wiese\",\"isPartOf\":{\"@id\":\"https:\\\/\\\/www.bertiswiese.de\\\/#website\"},\"primaryImageOfPage\":{\"@id\":\"https:\\\/\\\/www.bertiswiese.de\\\/?page_id=520#primaryimage\"},\"image\":{\"@id\":\"https:\\\/\\\/www.bertiswiese.de\\\/?page_id=520#primaryimage\"},\"thumbnailUrl\":\"http:\\\/\\\/www.bertiswiese.de\\\/wp-content\\\/uploads\\\/2020\\\/05\\\/20200525_172856-1-1024x576.jpg\",\"datePublished\":\"2020-05-27T20:01:52+00:00\",\"dateModified\":\"2020-05-27T20:04:02+00:00\",\"breadcrumb\":{\"@id\":\"https:\\\/\\\/www.bertiswiese.de\\\/?page_id=520#breadcrumb\"},\"inLanguage\":\"de\",\"potentialAction\":[{\"@type\":\"ReadAction\",\"target\":[\"https:\\\/\\\/www.bertiswiese.de\\\/?page_id=520\"]}]},{\"@type\":\"ImageObject\",\"inLanguage\":\"de\",\"@id\":\"https:\\\/\\\/www.bertiswiese.de\\\/?page_id=520#primaryimage\",\"url\":\"https:\\\/\\\/www.bertiswiese.de\\\/wp-content\\\/uploads\\\/2020\\\/05\\\/20200525_172856-1-scaled.jpg\",\"contentUrl\":\"https:\\\/\\\/www.bertiswiese.de\\\/wp-content\\\/uploads\\\/2020\\\/05\\\/20200525_172856-1-scaled.jpg\",\"width\":2560,\"height\":1440},{\"@type\":\"BreadcrumbList\",\"@id\":\"https:\\\/\\\/www.bertiswiese.de\\\/?page_id=520#breadcrumb\",\"itemListElement\":[{\"@type\":\"ListItem\",\"position\":1,\"name\":\"Startseite\",\"item\":\"https:\\\/\\\/www.bertiswiese.de\\\/\"},{\"@type\":\"ListItem\",\"position\":2,\"name\":\"Sauerkirschmarmelade\"}]},{\"@type\":\"WebSite\",\"@id\":\"https:\\\/\\\/www.bertiswiese.de\\\/#website\",\"url\":\"https:\\\/\\\/www.bertiswiese.de\\\/\",\"name\":\"Bertis Wiese\",\"description\":\"Unsere Streuobstwiese\",\"publisher\":{\"@id\":\"https:\\\/\\\/www.bertiswiese.de\\\/#\\\/schema\\\/person\\\/ffb93e6b6d8113e79449689ae7db33f9\"},\"potentialAction\":[{\"@type\":\"SearchAction\",\"target\":{\"@type\":\"EntryPoint\",\"urlTemplate\":\"https:\\\/\\\/www.bertiswiese.de\\\/?s={search_term_string}\"},\"query-input\":{\"@type\":\"PropertyValueSpecification\",\"valueRequired\":true,\"valueName\":\"search_term_string\"}}],\"inLanguage\":\"de\"},{\"@type\":[\"Person\",\"Organization\"],\"@id\":\"https:\\\/\\\/www.bertiswiese.de\\\/#\\\/schema\\\/person\\\/ffb93e6b6d8113e79449689ae7db33f9\",\"name\":\"Aron Bertiswiese.de\",\"image\":{\"@type\":\"ImageObject\",\"inLanguage\":\"de\",\"@id\":\"https:\\\/\\\/secure.gravatar.com\\\/avatar\\\/579d4862364bcf235fb0c0c98fcd0ecd8bd16182ae67d32d89e8bbe1ea847995?s=96&d=mm&r=g\",\"url\":\"https:\\\/\\\/secure.gravatar.com\\\/avatar\\\/579d4862364bcf235fb0c0c98fcd0ecd8bd16182ae67d32d89e8bbe1ea847995?s=96&d=mm&r=g\",\"contentUrl\":\"https:\\\/\\\/secure.gravatar.com\\\/avatar\\\/579d4862364bcf235fb0c0c98fcd0ecd8bd16182ae67d32d89e8bbe1ea847995?s=96&d=mm&r=g\",\"caption\":\"Aron Bertiswiese.de\"},\"logo\":{\"@id\":\"https:\\\/\\\/secure.gravatar.com\\\/avatar\\\/579d4862364bcf235fb0c0c98fcd0ecd8bd16182ae67d32d89e8bbe1ea847995?s=96&d=mm&r=g\"}}]}<\/script>\n<!-- \/ Yoast SEO plugin. -->","yoast_head_json":{"title":"Sauerkirschmarmelade - Bertis Wiese","robots":{"index":"index","follow":"follow","max-snippet":"max-snippet:-1","max-image-preview":"max-image-preview:large","max-video-preview":"max-video-preview:-1"},"canonical":"https:\/\/www.bertiswiese.de\/?page_id=520","og_locale":"de_DE","og_type":"article","og_title":"Sauerkirschmarmelade - Bertis Wiese","og_description":"Zutaten: 700gr Sauerkirschen 350 Gelierzucker 1EL Zwetschgenschnaps Etwas Zimt Zubereitung: Sauerkirschen entsteinen und abtropfen lassen danach im Verh\u00e4ltnis 2:1 die","og_url":"https:\/\/www.bertiswiese.de\/?page_id=520","og_site_name":"Bertis Wiese","article_modified_time":"2020-05-27T20:04:02+00:00","og_image":[{"url":"http:\/\/www.bertiswiese.de\/wp-content\/uploads\/2020\/05\/20200525_172856-1-1024x576.jpg","type":"","width":"","height":""}],"twitter_card":"summary_large_image","schema":{"@context":"https:\/\/schema.org","@graph":[{"@type":"WebPage","@id":"https:\/\/www.bertiswiese.de\/?page_id=520","url":"https:\/\/www.bertiswiese.de\/?page_id=520","name":"Sauerkirschmarmelade - Bertis Wiese","isPartOf":{"@id":"https:\/\/www.bertiswiese.de\/#website"},"primaryImageOfPage":{"@id":"https:\/\/www.bertiswiese.de\/?page_id=520#primaryimage"},"image":{"@id":"https:\/\/www.bertiswiese.de\/?page_id=520#primaryimage"},"thumbnailUrl":"http:\/\/www.bertiswiese.de\/wp-content\/uploads\/2020\/05\/20200525_172856-1-1024x576.jpg","datePublished":"2020-05-27T20:01:52+00:00","dateModified":"2020-05-27T20:04:02+00:00","breadcrumb":{"@id":"https:\/\/www.bertiswiese.de\/?page_id=520#breadcrumb"},"inLanguage":"de","potentialAction":[{"@type":"ReadAction","target":["https:\/\/www.bertiswiese.de\/?page_id=520"]}]},{"@type":"ImageObject","inLanguage":"de","@id":"https:\/\/www.bertiswiese.de\/?page_id=520#primaryimage","url":"https:\/\/www.bertiswiese.de\/wp-content\/uploads\/2020\/05\/20200525_172856-1-scaled.jpg","contentUrl":"https:\/\/www.bertiswiese.de\/wp-content\/uploads\/2020\/05\/20200525_172856-1-scaled.jpg","width":2560,"height":1440},{"@type":"BreadcrumbList","@id":"https:\/\/www.bertiswiese.de\/?page_id=520#breadcrumb","itemListElement":[{"@type":"ListItem","position":1,"name":"Startseite","item":"https:\/\/www.bertiswiese.de\/"},{"@type":"ListItem","position":2,"name":"Sauerkirschmarmelade"}]},{"@type":"WebSite","@id":"https:\/\/www.bertiswiese.de\/#website","url":"https:\/\/www.bertiswiese.de\/","name":"Bertis Wiese","description":"Unsere Streuobstwiese","publisher":{"@id":"https:\/\/www.bertiswiese.de\/#\/schema\/person\/ffb93e6b6d8113e79449689ae7db33f9"},"potentialAction":[{"@type":"SearchAction","target":{"@type":"EntryPoint","urlTemplate":"https:\/\/www.bertiswiese.de\/?s={search_term_string}"},"query-input":{"@type":"PropertyValueSpecification","valueRequired":true,"valueName":"search_term_string"}}],"inLanguage":"de"},{"@type":["Person","Organization"],"@id":"https:\/\/www.bertiswiese.de\/#\/schema\/person\/ffb93e6b6d8113e79449689ae7db33f9","name":"Aron Bertiswiese.de","image":{"@type":"ImageObject","inLanguage":"de","@id":"https:\/\/secure.gravatar.com\/avatar\/579d4862364bcf235fb0c0c98fcd0ecd8bd16182ae67d32d89e8bbe1ea847995?s=96&d=mm&r=g","url":"https:\/\/secure.gravatar.com\/avatar\/579d4862364bcf235fb0c0c98fcd0ecd8bd16182ae67d32d89e8bbe1ea847995?s=96&d=mm&r=g","contentUrl":"https:\/\/secure.gravatar.com\/avatar\/579d4862364bcf235fb0c0c98fcd0ecd8bd16182ae67d32d89e8bbe1ea847995?s=96&d=mm&r=g","caption":"Aron Bertiswiese.de"},"logo":{"@id":"https:\/\/secure.gravatar.com\/avatar\/579d4862364bcf235fb0c0c98fcd0ecd8bd16182ae67d32d89e8bbe1ea847995?s=96&d=mm&r=g"}}]}},"_links":{"self":[{"href":"https:\/\/www.bertiswiese.de\/index.php?rest_route=\/wp\/v2\/pages\/520","targetHints":{"allow":["GET"]}}],"collection":[{"href":"https:\/\/www.bertiswiese.de\/index.php?rest_route=\/wp\/v2\/pages"}],"about":[{"href":"https:\/\/www.bertiswiese.de\/index.php?rest_route=\/wp\/v2\/types\/page"}],"author":[{"embeddable":true,"href":"https:\/\/www.bertiswiese.de\/index.php?rest_route=\/wp\/v2\/users\/1"}],"replies":[{"embeddable":true,"href":"https:\/\/www.bertiswiese.de\/index.php?rest_route=%2Fwp%2Fv2%2Fcomments&post=520"}],"version-history":[{"count":3,"href":"https:\/\/www.bertiswiese.de\/index.php?rest_route=\/wp\/v2\/pages\/520\/revisions"}],"predecessor-version":[{"id":530,"href":"https:\/\/www.bertiswiese.de\/index.php?rest_route=\/wp\/v2\/pages\/520\/revisions\/530"}],"wp:attachment":[{"href":"https:\/\/www.bertiswiese.de\/index.php?rest_route=%2Fwp%2Fv2%2Fmedia&parent=520"}],"curies":[{"name":"wp","href":"https:\/\/api.w.org\/{rel}","templated":true}]}}