{"id":50,"date":"2019-10-29T19:58:40","date_gmt":"2019-10-29T19:58:40","guid":{"rendered":"http:\/\/bertiswiese.de\/?page_id=50"},"modified":"2019-11-07T09:07:27","modified_gmt":"2019-11-07T09:07:27","slug":"ableger-feigenbaum","status":"publish","type":"page","link":"https:\/\/www.bertiswiese.de\/?page_id=50","title":{"rendered":"Ableger Feigenbaum"},"content":{"rendered":"\n<p>Titel hier eingebenFeigenbaum vermehren <\/p>\n\n\n\n<p>Da wir immer wieder auf unseren Feigenbaum angesprochen werden und sich auch unsere Nachbarn in der Stra\u00dfe gerne an der Ernte beteiligen habe ich mir vorgenommen aus Ableger neue B\u00e4ume zu vermehren.<\/p>\n\n\n\n<p>Bisher sind alle Versuche des Vermehrens fehlgeschlagen was mich dazu gebracht hat neue Methoden auszuprobieren.<\/p>\n\n\n\n<p>Folgenden Versuch starte ich diesmal und sollte laut meiner Recherche im Netz zu 90% funktionieren \ud83d\ude42<\/p>\n\n\n\n<p>Schreib etwas oder tippe \/ zur Blockauswahl<\/p>\n\n\n\n<p><strong>Folgende Schritte sollten beachtet werden <\/strong><\/p>\n\n\n\n<ol class=\"wp-block-list\"><li>Du ben\u00f6tigst einen Zweig, dieser sollte in diesem Jahr gewachsen sein und wenn m\u00f6glich schon eine dunkle Rinde haben, ist der Zweig noch Gr\u00fcn ist die Wahrscheinlichkeit geringer dass er neu austreibt<\/li><\/ol>\n\n\n\n<figure class=\"wp-block-image\"><img decoding=\"async\" src=\"http:\/\/bertiswiese.de\/wp-content\/uploads\/2019\/10\/IMG_2976-1-768x1024.jpg\" alt=\"Dieses Bild hat ein leeres Alt-Attribut. Der Dateiname ist IMG_2976-1-768x1024.jpg\"\/><figcaption>Der Zweig sollte schon eine dunkle Rinde haben, damit geht es besser.<\/figcaption><\/figure>\n\n\n\n<p>2. Der Zweig sollte 3 Internodien haben. Internodien ist der Bereich zwischen dem Austrieb der beiden Bl\u00e4tter. Ihr schneidet kurz Unterhalb einer Knospe ab, l\u00e4sst eine Knospe aus und danach schneidet Ihr \u00fcber einer Knospe den Zweig ab.<\/p>\n\n\n\n<figure class=\"wp-block-image\"><img decoding=\"async\" src=\"http:\/\/bertiswiese.de\/wp-content\/uploads\/2019\/11\/l5180.jpg\" alt=\"Dieses Bild hat ein leeres Alt-Attribut. Der Dateiname ist l5180.jpg\"\/><\/figure>\n\n\n\n<p>3. Anschlie\u00dfen w\u00e4hlt ihr euch einen Topf aus in den Ihr den Zweig eingraben k\u00f6nnt. Ich habe pro Topf 3 Zweige eingegraben, daher sollte zumindest einer der 3 zu Keimen beginnen. Ihr grabt den Zweig komplett ein und lasst nur den obersten Teil aus der Erde herausschauen.<\/p>\n\n\n\n<figure class=\"wp-block-image\"><img decoding=\"async\" src=\"http:\/\/bertiswiese.de\/wp-content\/uploads\/2019\/11\/IMG_2981-1-768x1024.jpg\" alt=\"Dieses Bild hat ein leeres Alt-Attribut. Der Dateiname ist IMG_2981-1-768x1024.jpg\"\/><figcaption>Als Erde habe ich Anzuchterde ausgew\u00e4hlt die den Trieben am Anfang gen\u00fcgen N\u00e4hrstoffe bieten.<\/figcaption><\/figure>\n\n\n\n<p>4. Ich habe die T\u00f6pfe gut angegossen und je eine Gefrierbeutel \u00fcber die Topfe gezogen. Dadurch entsteht eine hohe Luftfeuchtigkeit die einen neuen Austrieb beschleunigt. Die T\u00f6pfe habe ich in den halb Dunkeln Keller gestellt der im ganzen Jahr eine Temperatur von 20\u00b0 hat. <\/p>\n\n\n\n<p>In 2-3 Wochen sollte man einen neuen Austrieb sehen aus dem ein neuer Baum wachsen kann.<\/p>\n\n\n\n<figure class=\"wp-block-image\"><img decoding=\"async\" src=\"http:\/\/bertiswiese.de\/wp-content\/uploads\/2019\/11\/IMG_2982-1024x768.jpg\" alt=\"Dieses Bild hat ein leeres Alt-Attribut. Der Dateiname ist IMG_2982-1024x768.jpg\"\/><figcaption>Schreibe eine Beschriftung&#8230;<\/figcaption><\/figure>\n","protected":false},"excerpt":{"rendered":"<p>Titel hier eingebenFeigenbaum vermehren Da wir immer wieder auf unseren Feigenbaum angesprochen werden und sich auch unsere Nachbarn in der<\/p>\n","protected":false},"author":1,"featured_media":0,"parent":0,"menu_order":0,"comment_status":"closed","ping_status":"closed","template":"","meta":{"footnotes":""},"class_list":["post-50","page","type-page","status-publish","hentry"],"yoast_head":"<!-- This site is optimized with the Yoast SEO plugin v27.3 - https:\/\/yoast.com\/product\/yoast-seo-wordpress\/ -->\n<title>Ableger Feigenbaum - Bertis Wiese<\/title>\n<meta name=\"robots\" content=\"index, follow, max-snippet:-1, max-image-preview:large, max-video-preview:-1\" \/>\n<link rel=\"canonical\" href=\"https:\/\/www.bertiswiese.de\/?page_id=50\" \/>\n<meta property=\"og:locale\" content=\"de_DE\" \/>\n<meta property=\"og:type\" content=\"article\" \/>\n<meta property=\"og:title\" content=\"Ableger Feigenbaum - Bertis Wiese\" \/>\n<meta property=\"og:description\" content=\"Titel hier eingebenFeigenbaum vermehren Da wir immer wieder auf unseren Feigenbaum angesprochen werden und sich auch unsere Nachbarn in der\" \/>\n<meta property=\"og:url\" content=\"https:\/\/www.bertiswiese.de\/?page_id=50\" \/>\n<meta property=\"og:site_name\" content=\"Bertis Wiese\" \/>\n<meta property=\"article:modified_time\" content=\"2019-11-07T09:07:27+00:00\" \/>\n<meta property=\"og:image\" content=\"http:\/\/bertiswiese.de\/wp-content\/uploads\/2019\/10\/IMG_2976-1-768x1024.jpg\" \/>\n<meta name=\"twitter:card\" content=\"summary_large_image\" \/>\n<meta name=\"twitter:label1\" content=\"Gesch\u00e4tzte Lesezeit\" \/>\n\t<meta name=\"twitter:data1\" content=\"1\u00a0Minute\" \/>\n<script type=\"application\/ld+json\" class=\"yoast-schema-graph\">{\"@context\":\"https:\\\/\\\/schema.org\",\"@graph\":[{\"@type\":\"WebPage\",\"@id\":\"https:\\\/\\\/www.bertiswiese.de\\\/?page_id=50\",\"url\":\"https:\\\/\\\/www.bertiswiese.de\\\/?page_id=50\",\"name\":\"Ableger Feigenbaum - Bertis Wiese\",\"isPartOf\":{\"@id\":\"https:\\\/\\\/www.bertiswiese.de\\\/#website\"},\"primaryImageOfPage\":{\"@id\":\"https:\\\/\\\/www.bertiswiese.de\\\/?page_id=50#primaryimage\"},\"image\":{\"@id\":\"https:\\\/\\\/www.bertiswiese.de\\\/?page_id=50#primaryimage\"},\"thumbnailUrl\":\"http:\\\/\\\/bertiswiese.de\\\/wp-content\\\/uploads\\\/2019\\\/10\\\/IMG_2976-1-768x1024.jpg\",\"datePublished\":\"2019-10-29T19:58:40+00:00\",\"dateModified\":\"2019-11-07T09:07:27+00:00\",\"breadcrumb\":{\"@id\":\"https:\\\/\\\/www.bertiswiese.de\\\/?page_id=50#breadcrumb\"},\"inLanguage\":\"de\",\"potentialAction\":[{\"@type\":\"ReadAction\",\"target\":[\"https:\\\/\\\/www.bertiswiese.de\\\/?page_id=50\"]}]},{\"@type\":\"ImageObject\",\"inLanguage\":\"de\",\"@id\":\"https:\\\/\\\/www.bertiswiese.de\\\/?page_id=50#primaryimage\",\"url\":\"http:\\\/\\\/bertiswiese.de\\\/wp-content\\\/uploads\\\/2019\\\/10\\\/IMG_2976-1-768x1024.jpg\",\"contentUrl\":\"http:\\\/\\\/bertiswiese.de\\\/wp-content\\\/uploads\\\/2019\\\/10\\\/IMG_2976-1-768x1024.jpg\"},{\"@type\":\"BreadcrumbList\",\"@id\":\"https:\\\/\\\/www.bertiswiese.de\\\/?page_id=50#breadcrumb\",\"itemListElement\":[{\"@type\":\"ListItem\",\"position\":1,\"name\":\"Startseite\",\"item\":\"https:\\\/\\\/www.bertiswiese.de\\\/\"},{\"@type\":\"ListItem\",\"position\":2,\"name\":\"Ableger Feigenbaum\"}]},{\"@type\":\"WebSite\",\"@id\":\"https:\\\/\\\/www.bertiswiese.de\\\/#website\",\"url\":\"https:\\\/\\\/www.bertiswiese.de\\\/\",\"name\":\"Bertis Wiese\",\"description\":\"Unsere Streuobstwiese\",\"publisher\":{\"@id\":\"https:\\\/\\\/www.bertiswiese.de\\\/#\\\/schema\\\/person\\\/ffb93e6b6d8113e79449689ae7db33f9\"},\"potentialAction\":[{\"@type\":\"SearchAction\",\"target\":{\"@type\":\"EntryPoint\",\"urlTemplate\":\"https:\\\/\\\/www.bertiswiese.de\\\/?s={search_term_string}\"},\"query-input\":{\"@type\":\"PropertyValueSpecification\",\"valueRequired\":true,\"valueName\":\"search_term_string\"}}],\"inLanguage\":\"de\"},{\"@type\":[\"Person\",\"Organization\"],\"@id\":\"https:\\\/\\\/www.bertiswiese.de\\\/#\\\/schema\\\/person\\\/ffb93e6b6d8113e79449689ae7db33f9\",\"name\":\"Aron Bertiswiese.de\",\"image\":{\"@type\":\"ImageObject\",\"inLanguage\":\"de\",\"@id\":\"https:\\\/\\\/secure.gravatar.com\\\/avatar\\\/579d4862364bcf235fb0c0c98fcd0ecd8bd16182ae67d32d89e8bbe1ea847995?s=96&d=mm&r=g\",\"url\":\"https:\\\/\\\/secure.gravatar.com\\\/avatar\\\/579d4862364bcf235fb0c0c98fcd0ecd8bd16182ae67d32d89e8bbe1ea847995?s=96&d=mm&r=g\",\"contentUrl\":\"https:\\\/\\\/secure.gravatar.com\\\/avatar\\\/579d4862364bcf235fb0c0c98fcd0ecd8bd16182ae67d32d89e8bbe1ea847995?s=96&d=mm&r=g\",\"caption\":\"Aron Bertiswiese.de\"},\"logo\":{\"@id\":\"https:\\\/\\\/secure.gravatar.com\\\/avatar\\\/579d4862364bcf235fb0c0c98fcd0ecd8bd16182ae67d32d89e8bbe1ea847995?s=96&d=mm&r=g\"}}]}<\/script>\n<!-- \/ Yoast SEO plugin. -->","yoast_head_json":{"title":"Ableger Feigenbaum - Bertis Wiese","robots":{"index":"index","follow":"follow","max-snippet":"max-snippet:-1","max-image-preview":"max-image-preview:large","max-video-preview":"max-video-preview:-1"},"canonical":"https:\/\/www.bertiswiese.de\/?page_id=50","og_locale":"de_DE","og_type":"article","og_title":"Ableger Feigenbaum - Bertis Wiese","og_description":"Titel hier eingebenFeigenbaum vermehren Da wir immer wieder auf unseren Feigenbaum angesprochen werden und sich auch unsere Nachbarn in der","og_url":"https:\/\/www.bertiswiese.de\/?page_id=50","og_site_name":"Bertis Wiese","article_modified_time":"2019-11-07T09:07:27+00:00","og_image":[{"url":"http:\/\/bertiswiese.de\/wp-content\/uploads\/2019\/10\/IMG_2976-1-768x1024.jpg","type":"","width":"","height":""}],"twitter_card":"summary_large_image","twitter_misc":{"Gesch\u00e4tzte Lesezeit":"1\u00a0Minute"},"schema":{"@context":"https:\/\/schema.org","@graph":[{"@type":"WebPage","@id":"https:\/\/www.bertiswiese.de\/?page_id=50","url":"https:\/\/www.bertiswiese.de\/?page_id=50","name":"Ableger Feigenbaum - Bertis Wiese","isPartOf":{"@id":"https:\/\/www.bertiswiese.de\/#website"},"primaryImageOfPage":{"@id":"https:\/\/www.bertiswiese.de\/?page_id=50#primaryimage"},"image":{"@id":"https:\/\/www.bertiswiese.de\/?page_id=50#primaryimage"},"thumbnailUrl":"http:\/\/bertiswiese.de\/wp-content\/uploads\/2019\/10\/IMG_2976-1-768x1024.jpg","datePublished":"2019-10-29T19:58:40+00:00","dateModified":"2019-11-07T09:07:27+00:00","breadcrumb":{"@id":"https:\/\/www.bertiswiese.de\/?page_id=50#breadcrumb"},"inLanguage":"de","potentialAction":[{"@type":"ReadAction","target":["https:\/\/www.bertiswiese.de\/?page_id=50"]}]},{"@type":"ImageObject","inLanguage":"de","@id":"https:\/\/www.bertiswiese.de\/?page_id=50#primaryimage","url":"http:\/\/bertiswiese.de\/wp-content\/uploads\/2019\/10\/IMG_2976-1-768x1024.jpg","contentUrl":"http:\/\/bertiswiese.de\/wp-content\/uploads\/2019\/10\/IMG_2976-1-768x1024.jpg"},{"@type":"BreadcrumbList","@id":"https:\/\/www.bertiswiese.de\/?page_id=50#breadcrumb","itemListElement":[{"@type":"ListItem","position":1,"name":"Startseite","item":"https:\/\/www.bertiswiese.de\/"},{"@type":"ListItem","position":2,"name":"Ableger Feigenbaum"}]},{"@type":"WebSite","@id":"https:\/\/www.bertiswiese.de\/#website","url":"https:\/\/www.bertiswiese.de\/","name":"Bertis Wiese","description":"Unsere Streuobstwiese","publisher":{"@id":"https:\/\/www.bertiswiese.de\/#\/schema\/person\/ffb93e6b6d8113e79449689ae7db33f9"},"potentialAction":[{"@type":"SearchAction","target":{"@type":"EntryPoint","urlTemplate":"https:\/\/www.bertiswiese.de\/?s={search_term_string}"},"query-input":{"@type":"PropertyValueSpecification","valueRequired":true,"valueName":"search_term_string"}}],"inLanguage":"de"},{"@type":["Person","Organization"],"@id":"https:\/\/www.bertiswiese.de\/#\/schema\/person\/ffb93e6b6d8113e79449689ae7db33f9","name":"Aron Bertiswiese.de","image":{"@type":"ImageObject","inLanguage":"de","@id":"https:\/\/secure.gravatar.com\/avatar\/579d4862364bcf235fb0c0c98fcd0ecd8bd16182ae67d32d89e8bbe1ea847995?s=96&d=mm&r=g","url":"https:\/\/secure.gravatar.com\/avatar\/579d4862364bcf235fb0c0c98fcd0ecd8bd16182ae67d32d89e8bbe1ea847995?s=96&d=mm&r=g","contentUrl":"https:\/\/secure.gravatar.com\/avatar\/579d4862364bcf235fb0c0c98fcd0ecd8bd16182ae67d32d89e8bbe1ea847995?s=96&d=mm&r=g","caption":"Aron Bertiswiese.de"},"logo":{"@id":"https:\/\/secure.gravatar.com\/avatar\/579d4862364bcf235fb0c0c98fcd0ecd8bd16182ae67d32d89e8bbe1ea847995?s=96&d=mm&r=g"}}]}},"_links":{"self":[{"href":"https:\/\/www.bertiswiese.de\/index.php?rest_route=\/wp\/v2\/pages\/50","targetHints":{"allow":["GET"]}}],"collection":[{"href":"https:\/\/www.bertiswiese.de\/index.php?rest_route=\/wp\/v2\/pages"}],"about":[{"href":"https:\/\/www.bertiswiese.de\/index.php?rest_route=\/wp\/v2\/types\/page"}],"author":[{"embeddable":true,"href":"https:\/\/www.bertiswiese.de\/index.php?rest_route=\/wp\/v2\/users\/1"}],"replies":[{"embeddable":true,"href":"https:\/\/www.bertiswiese.de\/index.php?rest_route=%2Fwp%2Fv2%2Fcomments&post=50"}],"version-history":[{"count":4,"href":"https:\/\/www.bertiswiese.de\/index.php?rest_route=\/wp\/v2\/pages\/50\/revisions"}],"predecessor-version":[{"id":139,"href":"https:\/\/www.bertiswiese.de\/index.php?rest_route=\/wp\/v2\/pages\/50\/revisions\/139"}],"wp:attachment":[{"href":"https:\/\/www.bertiswiese.de\/index.php?rest_route=%2Fwp%2Fv2%2Fmedia&parent=50"}],"curies":[{"name":"wp","href":"https:\/\/api.w.org\/{rel}","templated":true}]}}