{"id":352,"date":"2020-03-31T16:18:37","date_gmt":"2020-03-31T16:18:37","guid":{"rendered":"http:\/\/bertiswiese.de\/?page_id=352"},"modified":"2020-05-27T03:48:12","modified_gmt":"2020-05-27T03:48:12","slug":"kirschbaeume","status":"publish","type":"page","link":"https:\/\/www.bertiswiese.de\/?page_id=352","title":{"rendered":"Kirschb\u00e4ume"},"content":{"rendered":"\n<p>Bunt gemischt und eine gro\u00dfe Anzahl an Kirschb\u00e4umen stehen auf unserer Wiese. Alte Kirschb\u00e4ume die schon einige Jahrzehnte auf der Krone haben und leider schon am verkahlen sind aber auch junger Nachwuchs steht schon in den Startl\u00f6chern die bereits erste Fr\u00fcchte tragen und die Erziehung schon langsam Form annimmt. Aber auch wilde Kirschb\u00e4ume stehen auf dem Grundst\u00fcck manche lecker und die anderen lecker f\u00fcr V\u00f6gel.^^<\/p>\n\n\n\n<figure class=\"wp-block-image size-large\"><img loading=\"lazy\" decoding=\"async\" width=\"683\" height=\"1024\" src=\"http:\/\/bertiswiese.de\/wp-content\/uploads\/2020\/03\/Helfinger-Riesenkirsche-klein-683x1024.jpg\" alt=\"\" class=\"wp-image-354\" srcset=\"https:\/\/www.bertiswiese.de\/wp-content\/uploads\/2020\/03\/Helfinger-Riesenkirsche-klein-683x1024.jpg 683w, https:\/\/www.bertiswiese.de\/wp-content\/uploads\/2020\/03\/Helfinger-Riesenkirsche-klein-200x300.jpg 200w, https:\/\/www.bertiswiese.de\/wp-content\/uploads\/2020\/03\/Helfinger-Riesenkirsche-klein-768x1151.jpg 768w, https:\/\/www.bertiswiese.de\/wp-content\/uploads\/2020\/03\/Helfinger-Riesenkirsche-klein-1025x1536.jpg 1025w, https:\/\/www.bertiswiese.de\/wp-content\/uploads\/2020\/03\/Helfinger-Riesenkirsche-klein-1367x2048.jpg 1367w, https:\/\/www.bertiswiese.de\/wp-content\/uploads\/2020\/03\/Helfinger-Riesenkirsche-klein-scaled.jpg 1709w\" sizes=\"auto, (max-width: 683px) 100vw, 683px\" \/><figcaption>Helfingers Risenkirsche &#8211; gepflanzt 2019<br><\/figcaption><\/figure>\n\n\n\n<figure class=\"wp-block-image size-large\"><img loading=\"lazy\" decoding=\"async\" width=\"683\" height=\"1024\" src=\"http:\/\/bertiswiese.de\/wp-content\/uploads\/2020\/03\/Knorpelkirsche-klein-683x1024.jpg\" alt=\"\" class=\"wp-image-355\" srcset=\"https:\/\/www.bertiswiese.de\/wp-content\/uploads\/2020\/03\/Knorpelkirsche-klein-683x1024.jpg 683w, https:\/\/www.bertiswiese.de\/wp-content\/uploads\/2020\/03\/Knorpelkirsche-klein-200x300.jpg 200w, https:\/\/www.bertiswiese.de\/wp-content\/uploads\/2020\/03\/Knorpelkirsche-klein-768x1151.jpg 768w, https:\/\/www.bertiswiese.de\/wp-content\/uploads\/2020\/03\/Knorpelkirsche-klein-1025x1536.jpg 1025w, https:\/\/www.bertiswiese.de\/wp-content\/uploads\/2020\/03\/Knorpelkirsche-klein-1367x2048.jpg 1367w, https:\/\/www.bertiswiese.de\/wp-content\/uploads\/2020\/03\/Knorpelkirsche-klein-scaled.jpg 1709w\" sizes=\"auto, (max-width: 683px) 100vw, 683px\" \/><figcaption>Knorpelkirsche<br><\/figcaption><\/figure>\n\n\n\n<figure class=\"wp-block-image size-large\"><img loading=\"lazy\" decoding=\"async\" width=\"587\" height=\"1024\" src=\"http:\/\/bertiswiese.de\/wp-content\/uploads\/2020\/03\/Knorpel-unten-klein-587x1024.jpg\" alt=\"\" class=\"wp-image-356\" srcset=\"https:\/\/www.bertiswiese.de\/wp-content\/uploads\/2020\/03\/Knorpel-unten-klein-587x1024.jpg 587w, https:\/\/www.bertiswiese.de\/wp-content\/uploads\/2020\/03\/Knorpel-unten-klein-172x300.jpg 172w, https:\/\/www.bertiswiese.de\/wp-content\/uploads\/2020\/03\/Knorpel-unten-klein-768x1341.jpg 768w, https:\/\/www.bertiswiese.de\/wp-content\/uploads\/2020\/03\/Knorpel-unten-klein-880x1536.jpg 880w, https:\/\/www.bertiswiese.de\/wp-content\/uploads\/2020\/03\/Knorpel-unten-klein-1173x2048.jpg 1173w, https:\/\/www.bertiswiese.de\/wp-content\/uploads\/2020\/03\/Knorpel-unten-klein-scaled.jpg 1466w\" sizes=\"auto, (max-width: 587px) 100vw, 587px\" \/><figcaption>Auch eine Problemkirsche (Knorpelkische) seit Jahren kaum Zuwachs, gepflanzt ca 2014<br><\/figcaption><\/figure>\n\n\n\n<figure class=\"wp-block-image size-large\"><img loading=\"lazy\" decoding=\"async\" width=\"768\" height=\"1024\" src=\"http:\/\/bertiswiese.de\/wp-content\/uploads\/2020\/03\/IMG_3118-768x1024.jpg\" alt=\"\" class=\"wp-image-357\" srcset=\"https:\/\/www.bertiswiese.de\/wp-content\/uploads\/2020\/03\/IMG_3118-768x1024.jpg 768w, https:\/\/www.bertiswiese.de\/wp-content\/uploads\/2020\/03\/IMG_3118-225x300.jpg 225w, https:\/\/www.bertiswiese.de\/wp-content\/uploads\/2020\/03\/IMG_3118-1152x1536.jpg 1152w, https:\/\/www.bertiswiese.de\/wp-content\/uploads\/2020\/03\/IMG_3118-1536x2048.jpg 1536w, https:\/\/www.bertiswiese.de\/wp-content\/uploads\/2020\/03\/IMG_3118-scaled.jpg 1920w\" sizes=\"auto, (max-width: 768px) 100vw, 768px\" \/><figcaption>S\u00fc\u00dfkirsche<br><\/figcaption><\/figure>\n\n\n\n<figure class=\"wp-block-image size-large\"><img loading=\"lazy\" decoding=\"async\" width=\"768\" height=\"1024\" src=\"http:\/\/bertiswiese.de\/wp-content\/uploads\/2020\/03\/IMG_3136-768x1024.jpg\" alt=\"\" class=\"wp-image-358\" srcset=\"https:\/\/www.bertiswiese.de\/wp-content\/uploads\/2020\/03\/IMG_3136-768x1024.jpg 768w, https:\/\/www.bertiswiese.de\/wp-content\/uploads\/2020\/03\/IMG_3136-225x300.jpg 225w, https:\/\/www.bertiswiese.de\/wp-content\/uploads\/2020\/03\/IMG_3136-1152x1536.jpg 1152w, https:\/\/www.bertiswiese.de\/wp-content\/uploads\/2020\/03\/IMG_3136-1536x2048.jpg 1536w, https:\/\/www.bertiswiese.de\/wp-content\/uploads\/2020\/03\/IMG_3136-scaled.jpg 1920w\" sizes=\"auto, (max-width: 768px) 100vw, 768px\" \/><figcaption>S\u00fc\u00dfkirsche<br><\/figcaption><\/figure>\n","protected":false},"excerpt":{"rendered":"<p>Bunt gemischt und eine gro\u00dfe Anzahl an Kirschb\u00e4umen stehen auf unserer Wiese. Alte Kirschb\u00e4ume die schon einige Jahrzehnte auf der<\/p>\n","protected":false},"author":1,"featured_media":0,"parent":0,"menu_order":0,"comment_status":"open","ping_status":"closed","template":"","meta":{"footnotes":""},"class_list":["post-352","page","type-page","status-publish","hentry"],"yoast_head":"<!-- This site is optimized with the Yoast SEO plugin v27.3 - https:\/\/yoast.com\/product\/yoast-seo-wordpress\/ -->\n<title>Kirschb\u00e4ume - Bertis Wiese<\/title>\n<meta name=\"robots\" content=\"index, follow, max-snippet:-1, max-image-preview:large, max-video-preview:-1\" \/>\n<link rel=\"canonical\" href=\"https:\/\/www.bertiswiese.de\/?page_id=352\" \/>\n<meta property=\"og:locale\" content=\"de_DE\" \/>\n<meta property=\"og:type\" content=\"article\" \/>\n<meta property=\"og:title\" content=\"Kirschb\u00e4ume - Bertis Wiese\" \/>\n<meta property=\"og:description\" content=\"Bunt gemischt und eine gro\u00dfe Anzahl an Kirschb\u00e4umen stehen auf unserer Wiese. Alte Kirschb\u00e4ume die schon einige Jahrzehnte auf der\" \/>\n<meta property=\"og:url\" content=\"https:\/\/www.bertiswiese.de\/?page_id=352\" \/>\n<meta property=\"og:site_name\" content=\"Bertis Wiese\" \/>\n<meta property=\"article:modified_time\" content=\"2020-05-27T03:48:12+00:00\" \/>\n<meta property=\"og:image\" content=\"http:\/\/bertiswiese.de\/wp-content\/uploads\/2020\/03\/Helfinger-Riesenkirsche-klein-683x1024.jpg\" \/>\n<meta name=\"twitter:card\" content=\"summary_large_image\" \/>\n<script type=\"application\/ld+json\" class=\"yoast-schema-graph\">{\"@context\":\"https:\\\/\\\/schema.org\",\"@graph\":[{\"@type\":\"WebPage\",\"@id\":\"https:\\\/\\\/www.bertiswiese.de\\\/?page_id=352\",\"url\":\"https:\\\/\\\/www.bertiswiese.de\\\/?page_id=352\",\"name\":\"Kirschb\u00e4ume - Bertis Wiese\",\"isPartOf\":{\"@id\":\"https:\\\/\\\/www.bertiswiese.de\\\/#website\"},\"primaryImageOfPage\":{\"@id\":\"https:\\\/\\\/www.bertiswiese.de\\\/?page_id=352#primaryimage\"},\"image\":{\"@id\":\"https:\\\/\\\/www.bertiswiese.de\\\/?page_id=352#primaryimage\"},\"thumbnailUrl\":\"http:\\\/\\\/bertiswiese.de\\\/wp-content\\\/uploads\\\/2020\\\/03\\\/Helfinger-Riesenkirsche-klein-683x1024.jpg\",\"datePublished\":\"2020-03-31T16:18:37+00:00\",\"dateModified\":\"2020-05-27T03:48:12+00:00\",\"breadcrumb\":{\"@id\":\"https:\\\/\\\/www.bertiswiese.de\\\/?page_id=352#breadcrumb\"},\"inLanguage\":\"de\",\"potentialAction\":[{\"@type\":\"ReadAction\",\"target\":[\"https:\\\/\\\/www.bertiswiese.de\\\/?page_id=352\"]}]},{\"@type\":\"ImageObject\",\"inLanguage\":\"de\",\"@id\":\"https:\\\/\\\/www.bertiswiese.de\\\/?page_id=352#primaryimage\",\"url\":\"http:\\\/\\\/bertiswiese.de\\\/wp-content\\\/uploads\\\/2020\\\/03\\\/Helfinger-Riesenkirsche-klein-683x1024.jpg\",\"contentUrl\":\"http:\\\/\\\/bertiswiese.de\\\/wp-content\\\/uploads\\\/2020\\\/03\\\/Helfinger-Riesenkirsche-klein-683x1024.jpg\"},{\"@type\":\"BreadcrumbList\",\"@id\":\"https:\\\/\\\/www.bertiswiese.de\\\/?page_id=352#breadcrumb\",\"itemListElement\":[{\"@type\":\"ListItem\",\"position\":1,\"name\":\"Startseite\",\"item\":\"https:\\\/\\\/www.bertiswiese.de\\\/\"},{\"@type\":\"ListItem\",\"position\":2,\"name\":\"Kirschb\u00e4ume\"}]},{\"@type\":\"WebSite\",\"@id\":\"https:\\\/\\\/www.bertiswiese.de\\\/#website\",\"url\":\"https:\\\/\\\/www.bertiswiese.de\\\/\",\"name\":\"Bertis Wiese\",\"description\":\"Unsere Streuobstwiese\",\"publisher\":{\"@id\":\"https:\\\/\\\/www.bertiswiese.de\\\/#\\\/schema\\\/person\\\/ffb93e6b6d8113e79449689ae7db33f9\"},\"potentialAction\":[{\"@type\":\"SearchAction\",\"target\":{\"@type\":\"EntryPoint\",\"urlTemplate\":\"https:\\\/\\\/www.bertiswiese.de\\\/?s={search_term_string}\"},\"query-input\":{\"@type\":\"PropertyValueSpecification\",\"valueRequired\":true,\"valueName\":\"search_term_string\"}}],\"inLanguage\":\"de\"},{\"@type\":[\"Person\",\"Organization\"],\"@id\":\"https:\\\/\\\/www.bertiswiese.de\\\/#\\\/schema\\\/person\\\/ffb93e6b6d8113e79449689ae7db33f9\",\"name\":\"Aron Bertiswiese.de\",\"image\":{\"@type\":\"ImageObject\",\"inLanguage\":\"de\",\"@id\":\"https:\\\/\\\/secure.gravatar.com\\\/avatar\\\/579d4862364bcf235fb0c0c98fcd0ecd8bd16182ae67d32d89e8bbe1ea847995?s=96&d=mm&r=g\",\"url\":\"https:\\\/\\\/secure.gravatar.com\\\/avatar\\\/579d4862364bcf235fb0c0c98fcd0ecd8bd16182ae67d32d89e8bbe1ea847995?s=96&d=mm&r=g\",\"contentUrl\":\"https:\\\/\\\/secure.gravatar.com\\\/avatar\\\/579d4862364bcf235fb0c0c98fcd0ecd8bd16182ae67d32d89e8bbe1ea847995?s=96&d=mm&r=g\",\"caption\":\"Aron Bertiswiese.de\"},\"logo\":{\"@id\":\"https:\\\/\\\/secure.gravatar.com\\\/avatar\\\/579d4862364bcf235fb0c0c98fcd0ecd8bd16182ae67d32d89e8bbe1ea847995?s=96&d=mm&r=g\"}}]}<\/script>\n<!-- \/ Yoast SEO plugin. -->","yoast_head_json":{"title":"Kirschb\u00e4ume - Bertis Wiese","robots":{"index":"index","follow":"follow","max-snippet":"max-snippet:-1","max-image-preview":"max-image-preview:large","max-video-preview":"max-video-preview:-1"},"canonical":"https:\/\/www.bertiswiese.de\/?page_id=352","og_locale":"de_DE","og_type":"article","og_title":"Kirschb\u00e4ume - Bertis Wiese","og_description":"Bunt gemischt und eine gro\u00dfe Anzahl an Kirschb\u00e4umen stehen auf unserer Wiese. Alte Kirschb\u00e4ume die schon einige Jahrzehnte auf der","og_url":"https:\/\/www.bertiswiese.de\/?page_id=352","og_site_name":"Bertis Wiese","article_modified_time":"2020-05-27T03:48:12+00:00","og_image":[{"url":"http:\/\/bertiswiese.de\/wp-content\/uploads\/2020\/03\/Helfinger-Riesenkirsche-klein-683x1024.jpg","type":"","width":"","height":""}],"twitter_card":"summary_large_image","schema":{"@context":"https:\/\/schema.org","@graph":[{"@type":"WebPage","@id":"https:\/\/www.bertiswiese.de\/?page_id=352","url":"https:\/\/www.bertiswiese.de\/?page_id=352","name":"Kirschb\u00e4ume - Bertis Wiese","isPartOf":{"@id":"https:\/\/www.bertiswiese.de\/#website"},"primaryImageOfPage":{"@id":"https:\/\/www.bertiswiese.de\/?page_id=352#primaryimage"},"image":{"@id":"https:\/\/www.bertiswiese.de\/?page_id=352#primaryimage"},"thumbnailUrl":"http:\/\/bertiswiese.de\/wp-content\/uploads\/2020\/03\/Helfinger-Riesenkirsche-klein-683x1024.jpg","datePublished":"2020-03-31T16:18:37+00:00","dateModified":"2020-05-27T03:48:12+00:00","breadcrumb":{"@id":"https:\/\/www.bertiswiese.de\/?page_id=352#breadcrumb"},"inLanguage":"de","potentialAction":[{"@type":"ReadAction","target":["https:\/\/www.bertiswiese.de\/?page_id=352"]}]},{"@type":"ImageObject","inLanguage":"de","@id":"https:\/\/www.bertiswiese.de\/?page_id=352#primaryimage","url":"http:\/\/bertiswiese.de\/wp-content\/uploads\/2020\/03\/Helfinger-Riesenkirsche-klein-683x1024.jpg","contentUrl":"http:\/\/bertiswiese.de\/wp-content\/uploads\/2020\/03\/Helfinger-Riesenkirsche-klein-683x1024.jpg"},{"@type":"BreadcrumbList","@id":"https:\/\/www.bertiswiese.de\/?page_id=352#breadcrumb","itemListElement":[{"@type":"ListItem","position":1,"name":"Startseite","item":"https:\/\/www.bertiswiese.de\/"},{"@type":"ListItem","position":2,"name":"Kirschb\u00e4ume"}]},{"@type":"WebSite","@id":"https:\/\/www.bertiswiese.de\/#website","url":"https:\/\/www.bertiswiese.de\/","name":"Bertis Wiese","description":"Unsere Streuobstwiese","publisher":{"@id":"https:\/\/www.bertiswiese.de\/#\/schema\/person\/ffb93e6b6d8113e79449689ae7db33f9"},"potentialAction":[{"@type":"SearchAction","target":{"@type":"EntryPoint","urlTemplate":"https:\/\/www.bertiswiese.de\/?s={search_term_string}"},"query-input":{"@type":"PropertyValueSpecification","valueRequired":true,"valueName":"search_term_string"}}],"inLanguage":"de"},{"@type":["Person","Organization"],"@id":"https:\/\/www.bertiswiese.de\/#\/schema\/person\/ffb93e6b6d8113e79449689ae7db33f9","name":"Aron Bertiswiese.de","image":{"@type":"ImageObject","inLanguage":"de","@id":"https:\/\/secure.gravatar.com\/avatar\/579d4862364bcf235fb0c0c98fcd0ecd8bd16182ae67d32d89e8bbe1ea847995?s=96&d=mm&r=g","url":"https:\/\/secure.gravatar.com\/avatar\/579d4862364bcf235fb0c0c98fcd0ecd8bd16182ae67d32d89e8bbe1ea847995?s=96&d=mm&r=g","contentUrl":"https:\/\/secure.gravatar.com\/avatar\/579d4862364bcf235fb0c0c98fcd0ecd8bd16182ae67d32d89e8bbe1ea847995?s=96&d=mm&r=g","caption":"Aron Bertiswiese.de"},"logo":{"@id":"https:\/\/secure.gravatar.com\/avatar\/579d4862364bcf235fb0c0c98fcd0ecd8bd16182ae67d32d89e8bbe1ea847995?s=96&d=mm&r=g"}}]}},"_links":{"self":[{"href":"https:\/\/www.bertiswiese.de\/index.php?rest_route=\/wp\/v2\/pages\/352","targetHints":{"allow":["GET"]}}],"collection":[{"href":"https:\/\/www.bertiswiese.de\/index.php?rest_route=\/wp\/v2\/pages"}],"about":[{"href":"https:\/\/www.bertiswiese.de\/index.php?rest_route=\/wp\/v2\/types\/page"}],"author":[{"embeddable":true,"href":"https:\/\/www.bertiswiese.de\/index.php?rest_route=\/wp\/v2\/users\/1"}],"replies":[{"embeddable":true,"href":"https:\/\/www.bertiswiese.de\/index.php?rest_route=%2Fwp%2Fv2%2Fcomments&post=352"}],"version-history":[{"count":2,"href":"https:\/\/www.bertiswiese.de\/index.php?rest_route=\/wp\/v2\/pages\/352\/revisions"}],"predecessor-version":[{"id":517,"href":"https:\/\/www.bertiswiese.de\/index.php?rest_route=\/wp\/v2\/pages\/352\/revisions\/517"}],"wp:attachment":[{"href":"https:\/\/www.bertiswiese.de\/index.php?rest_route=%2Fwp%2Fv2%2Fmedia&parent=352"}],"curies":[{"name":"wp","href":"https:\/\/api.w.org\/{rel}","templated":true}]}}