{"id":324,"date":"2020-03-31T15:32:09","date_gmt":"2020-03-31T15:32:09","guid":{"rendered":"http:\/\/bertiswiese.de\/?page_id=324"},"modified":"2020-03-31T15:32:09","modified_gmt":"2020-03-31T15:32:09","slug":"birnenbaeume","status":"publish","type":"page","link":"https:\/\/www.bertiswiese.de\/?page_id=324","title":{"rendered":"Birnenb\u00e4ume"},"content":{"rendered":"\n<p>Viele <strong>alte <\/strong>Birnenb\u00e4ume zeichnen unsere Wiese aus doch leider sind keine zum direkten Verzehr geeignet daf\u00fcr kann man sie prima zu Most oder Schnaps weiterverarbeiten. Fr\u00fcher wurde J\u00e4hrlich Schnaps gebrannt doch aufgrund der vielen Arbeit und des doch geringen Interesse an Most oder Schnaps bleiben die meisten Fr\u00fcchte auf der Wiese liegen. <\/p>\n\n\n\n<p><\/p>\n\n\n\n<figure class=\"wp-block-image size-large\"><img loading=\"lazy\" decoding=\"async\" width=\"768\" height=\"1024\" src=\"http:\/\/bertiswiese.de\/wp-content\/uploads\/2020\/03\/IMG_3044-768x1024.jpg\" alt=\"\" class=\"wp-image-325\" srcset=\"https:\/\/www.bertiswiese.de\/wp-content\/uploads\/2020\/03\/IMG_3044-768x1024.jpg 768w, https:\/\/www.bertiswiese.de\/wp-content\/uploads\/2020\/03\/IMG_3044-225x300.jpg 225w, https:\/\/www.bertiswiese.de\/wp-content\/uploads\/2020\/03\/IMG_3044-1152x1536.jpg 1152w, https:\/\/www.bertiswiese.de\/wp-content\/uploads\/2020\/03\/IMG_3044-1536x2048.jpg 1536w, https:\/\/www.bertiswiese.de\/wp-content\/uploads\/2020\/03\/IMG_3044-scaled.jpg 1920w\" sizes=\"auto, (max-width: 768px) 100vw, 768px\" \/><\/figure>\n\n\n\n<figure class=\"wp-block-image size-large\"><img loading=\"lazy\" decoding=\"async\" width=\"768\" height=\"1024\" src=\"http:\/\/bertiswiese.de\/wp-content\/uploads\/2020\/03\/IMG_3122-768x1024.jpg\" alt=\"\" class=\"wp-image-326\" srcset=\"https:\/\/www.bertiswiese.de\/wp-content\/uploads\/2020\/03\/IMG_3122-768x1024.jpg 768w, https:\/\/www.bertiswiese.de\/wp-content\/uploads\/2020\/03\/IMG_3122-225x300.jpg 225w, https:\/\/www.bertiswiese.de\/wp-content\/uploads\/2020\/03\/IMG_3122-1152x1536.jpg 1152w, https:\/\/www.bertiswiese.de\/wp-content\/uploads\/2020\/03\/IMG_3122-1536x2048.jpg 1536w, https:\/\/www.bertiswiese.de\/wp-content\/uploads\/2020\/03\/IMG_3122-scaled.jpg 1920w\" sizes=\"auto, (max-width: 768px) 100vw, 768px\" \/><\/figure>\n\n\n\n<figure class=\"wp-block-image size-large\"><img loading=\"lazy\" decoding=\"async\" width=\"683\" height=\"1024\" src=\"http:\/\/bertiswiese.de\/wp-content\/uploads\/2020\/03\/Birnenbaum-b-683x1024.jpg\" alt=\"\" class=\"wp-image-327\" srcset=\"https:\/\/www.bertiswiese.de\/wp-content\/uploads\/2020\/03\/Birnenbaum-b-683x1024.jpg 683w, https:\/\/www.bertiswiese.de\/wp-content\/uploads\/2020\/03\/Birnenbaum-b-200x300.jpg 200w, https:\/\/www.bertiswiese.de\/wp-content\/uploads\/2020\/03\/Birnenbaum-b-768x1151.jpg 768w, https:\/\/www.bertiswiese.de\/wp-content\/uploads\/2020\/03\/Birnenbaum-b-1025x1536.jpg 1025w, https:\/\/www.bertiswiese.de\/wp-content\/uploads\/2020\/03\/Birnenbaum-b-1367x2048.jpg 1367w, https:\/\/www.bertiswiese.de\/wp-content\/uploads\/2020\/03\/Birnenbaum-b-scaled.jpg 1709w\" sizes=\"auto, (max-width: 683px) 100vw, 683px\" \/><\/figure>\n\n\n\n<figure class=\"wp-block-image size-large\"><img loading=\"lazy\" decoding=\"async\" width=\"683\" height=\"1024\" src=\"http:\/\/bertiswiese.de\/wp-content\/uploads\/2020\/03\/Birnenbaum-oben-klein-683x1024.jpg\" alt=\"\" class=\"wp-image-331\" srcset=\"https:\/\/www.bertiswiese.de\/wp-content\/uploads\/2020\/03\/Birnenbaum-oben-klein-683x1024.jpg 683w, https:\/\/www.bertiswiese.de\/wp-content\/uploads\/2020\/03\/Birnenbaum-oben-klein-200x300.jpg 200w, https:\/\/www.bertiswiese.de\/wp-content\/uploads\/2020\/03\/Birnenbaum-oben-klein-768x1151.jpg 768w, https:\/\/www.bertiswiese.de\/wp-content\/uploads\/2020\/03\/Birnenbaum-oben-klein-1025x1536.jpg 1025w, https:\/\/www.bertiswiese.de\/wp-content\/uploads\/2020\/03\/Birnenbaum-oben-klein-1367x2048.jpg 1367w, https:\/\/www.bertiswiese.de\/wp-content\/uploads\/2020\/03\/Birnenbaum-oben-klein-scaled.jpg 1709w\" sizes=\"auto, (max-width: 683px) 100vw, 683px\" \/><\/figure>\n\n\n","protected":false},"excerpt":{"rendered":"<p>Viele alte Birnenb\u00e4ume zeichnen unsere Wiese aus doch leider sind keine zum direkten Verzehr geeignet daf\u00fcr kann man sie prima<\/p>\n","protected":false},"author":1,"featured_media":0,"parent":0,"menu_order":0,"comment_status":"closed","ping_status":"closed","template":"","meta":{"footnotes":""},"class_list":["post-324","page","type-page","status-publish","hentry"],"yoast_head":"<!-- This site is optimized with the Yoast SEO plugin v27.3 - https:\/\/yoast.com\/product\/yoast-seo-wordpress\/ -->\n<title>Birnenb\u00e4ume - Bertis Wiese<\/title>\n<meta name=\"robots\" content=\"index, follow, max-snippet:-1, max-image-preview:large, max-video-preview:-1\" \/>\n<link rel=\"canonical\" href=\"https:\/\/www.bertiswiese.de\/?page_id=324\" \/>\n<meta property=\"og:locale\" content=\"de_DE\" \/>\n<meta property=\"og:type\" content=\"article\" \/>\n<meta property=\"og:title\" content=\"Birnenb\u00e4ume - Bertis Wiese\" \/>\n<meta property=\"og:description\" content=\"Viele alte Birnenb\u00e4ume zeichnen unsere Wiese aus doch leider sind keine zum direkten Verzehr geeignet daf\u00fcr kann man sie prima\" \/>\n<meta property=\"og:url\" content=\"https:\/\/www.bertiswiese.de\/?page_id=324\" \/>\n<meta property=\"og:site_name\" content=\"Bertis Wiese\" \/>\n<meta property=\"og:image\" content=\"http:\/\/bertiswiese.de\/wp-content\/uploads\/2020\/03\/IMG_3044-768x1024.jpg\" \/>\n<meta name=\"twitter:card\" content=\"summary_large_image\" \/>\n<script type=\"application\/ld+json\" class=\"yoast-schema-graph\">{\"@context\":\"https:\\\/\\\/schema.org\",\"@graph\":[{\"@type\":\"WebPage\",\"@id\":\"https:\\\/\\\/www.bertiswiese.de\\\/?page_id=324\",\"url\":\"https:\\\/\\\/www.bertiswiese.de\\\/?page_id=324\",\"name\":\"Birnenb\u00e4ume - Bertis Wiese\",\"isPartOf\":{\"@id\":\"https:\\\/\\\/www.bertiswiese.de\\\/#website\"},\"primaryImageOfPage\":{\"@id\":\"https:\\\/\\\/www.bertiswiese.de\\\/?page_id=324#primaryimage\"},\"image\":{\"@id\":\"https:\\\/\\\/www.bertiswiese.de\\\/?page_id=324#primaryimage\"},\"thumbnailUrl\":\"http:\\\/\\\/bertiswiese.de\\\/wp-content\\\/uploads\\\/2020\\\/03\\\/IMG_3044-768x1024.jpg\",\"datePublished\":\"2020-03-31T15:32:09+00:00\",\"breadcrumb\":{\"@id\":\"https:\\\/\\\/www.bertiswiese.de\\\/?page_id=324#breadcrumb\"},\"inLanguage\":\"de\",\"potentialAction\":[{\"@type\":\"ReadAction\",\"target\":[\"https:\\\/\\\/www.bertiswiese.de\\\/?page_id=324\"]}]},{\"@type\":\"ImageObject\",\"inLanguage\":\"de\",\"@id\":\"https:\\\/\\\/www.bertiswiese.de\\\/?page_id=324#primaryimage\",\"url\":\"http:\\\/\\\/bertiswiese.de\\\/wp-content\\\/uploads\\\/2020\\\/03\\\/IMG_3044-768x1024.jpg\",\"contentUrl\":\"http:\\\/\\\/bertiswiese.de\\\/wp-content\\\/uploads\\\/2020\\\/03\\\/IMG_3044-768x1024.jpg\"},{\"@type\":\"BreadcrumbList\",\"@id\":\"https:\\\/\\\/www.bertiswiese.de\\\/?page_id=324#breadcrumb\",\"itemListElement\":[{\"@type\":\"ListItem\",\"position\":1,\"name\":\"Startseite\",\"item\":\"https:\\\/\\\/www.bertiswiese.de\\\/\"},{\"@type\":\"ListItem\",\"position\":2,\"name\":\"Birnenb\u00e4ume\"}]},{\"@type\":\"WebSite\",\"@id\":\"https:\\\/\\\/www.bertiswiese.de\\\/#website\",\"url\":\"https:\\\/\\\/www.bertiswiese.de\\\/\",\"name\":\"Bertis Wiese\",\"description\":\"Unsere Streuobstwiese\",\"publisher\":{\"@id\":\"https:\\\/\\\/www.bertiswiese.de\\\/#\\\/schema\\\/person\\\/ffb93e6b6d8113e79449689ae7db33f9\"},\"potentialAction\":[{\"@type\":\"SearchAction\",\"target\":{\"@type\":\"EntryPoint\",\"urlTemplate\":\"https:\\\/\\\/www.bertiswiese.de\\\/?s={search_term_string}\"},\"query-input\":{\"@type\":\"PropertyValueSpecification\",\"valueRequired\":true,\"valueName\":\"search_term_string\"}}],\"inLanguage\":\"de\"},{\"@type\":[\"Person\",\"Organization\"],\"@id\":\"https:\\\/\\\/www.bertiswiese.de\\\/#\\\/schema\\\/person\\\/ffb93e6b6d8113e79449689ae7db33f9\",\"name\":\"Aron Bertiswiese.de\",\"image\":{\"@type\":\"ImageObject\",\"inLanguage\":\"de\",\"@id\":\"https:\\\/\\\/secure.gravatar.com\\\/avatar\\\/579d4862364bcf235fb0c0c98fcd0ecd8bd16182ae67d32d89e8bbe1ea847995?s=96&d=mm&r=g\",\"url\":\"https:\\\/\\\/secure.gravatar.com\\\/avatar\\\/579d4862364bcf235fb0c0c98fcd0ecd8bd16182ae67d32d89e8bbe1ea847995?s=96&d=mm&r=g\",\"contentUrl\":\"https:\\\/\\\/secure.gravatar.com\\\/avatar\\\/579d4862364bcf235fb0c0c98fcd0ecd8bd16182ae67d32d89e8bbe1ea847995?s=96&d=mm&r=g\",\"caption\":\"Aron Bertiswiese.de\"},\"logo\":{\"@id\":\"https:\\\/\\\/secure.gravatar.com\\\/avatar\\\/579d4862364bcf235fb0c0c98fcd0ecd8bd16182ae67d32d89e8bbe1ea847995?s=96&d=mm&r=g\"}}]}<\/script>\n<!-- \/ Yoast SEO plugin. -->","yoast_head_json":{"title":"Birnenb\u00e4ume - Bertis Wiese","robots":{"index":"index","follow":"follow","max-snippet":"max-snippet:-1","max-image-preview":"max-image-preview:large","max-video-preview":"max-video-preview:-1"},"canonical":"https:\/\/www.bertiswiese.de\/?page_id=324","og_locale":"de_DE","og_type":"article","og_title":"Birnenb\u00e4ume - Bertis Wiese","og_description":"Viele alte Birnenb\u00e4ume zeichnen unsere Wiese aus doch leider sind keine zum direkten Verzehr geeignet daf\u00fcr kann man sie prima","og_url":"https:\/\/www.bertiswiese.de\/?page_id=324","og_site_name":"Bertis Wiese","og_image":[{"url":"http:\/\/bertiswiese.de\/wp-content\/uploads\/2020\/03\/IMG_3044-768x1024.jpg","type":"","width":"","height":""}],"twitter_card":"summary_large_image","schema":{"@context":"https:\/\/schema.org","@graph":[{"@type":"WebPage","@id":"https:\/\/www.bertiswiese.de\/?page_id=324","url":"https:\/\/www.bertiswiese.de\/?page_id=324","name":"Birnenb\u00e4ume - Bertis Wiese","isPartOf":{"@id":"https:\/\/www.bertiswiese.de\/#website"},"primaryImageOfPage":{"@id":"https:\/\/www.bertiswiese.de\/?page_id=324#primaryimage"},"image":{"@id":"https:\/\/www.bertiswiese.de\/?page_id=324#primaryimage"},"thumbnailUrl":"http:\/\/bertiswiese.de\/wp-content\/uploads\/2020\/03\/IMG_3044-768x1024.jpg","datePublished":"2020-03-31T15:32:09+00:00","breadcrumb":{"@id":"https:\/\/www.bertiswiese.de\/?page_id=324#breadcrumb"},"inLanguage":"de","potentialAction":[{"@type":"ReadAction","target":["https:\/\/www.bertiswiese.de\/?page_id=324"]}]},{"@type":"ImageObject","inLanguage":"de","@id":"https:\/\/www.bertiswiese.de\/?page_id=324#primaryimage","url":"http:\/\/bertiswiese.de\/wp-content\/uploads\/2020\/03\/IMG_3044-768x1024.jpg","contentUrl":"http:\/\/bertiswiese.de\/wp-content\/uploads\/2020\/03\/IMG_3044-768x1024.jpg"},{"@type":"BreadcrumbList","@id":"https:\/\/www.bertiswiese.de\/?page_id=324#breadcrumb","itemListElement":[{"@type":"ListItem","position":1,"name":"Startseite","item":"https:\/\/www.bertiswiese.de\/"},{"@type":"ListItem","position":2,"name":"Birnenb\u00e4ume"}]},{"@type":"WebSite","@id":"https:\/\/www.bertiswiese.de\/#website","url":"https:\/\/www.bertiswiese.de\/","name":"Bertis Wiese","description":"Unsere Streuobstwiese","publisher":{"@id":"https:\/\/www.bertiswiese.de\/#\/schema\/person\/ffb93e6b6d8113e79449689ae7db33f9"},"potentialAction":[{"@type":"SearchAction","target":{"@type":"EntryPoint","urlTemplate":"https:\/\/www.bertiswiese.de\/?s={search_term_string}"},"query-input":{"@type":"PropertyValueSpecification","valueRequired":true,"valueName":"search_term_string"}}],"inLanguage":"de"},{"@type":["Person","Organization"],"@id":"https:\/\/www.bertiswiese.de\/#\/schema\/person\/ffb93e6b6d8113e79449689ae7db33f9","name":"Aron Bertiswiese.de","image":{"@type":"ImageObject","inLanguage":"de","@id":"https:\/\/secure.gravatar.com\/avatar\/579d4862364bcf235fb0c0c98fcd0ecd8bd16182ae67d32d89e8bbe1ea847995?s=96&d=mm&r=g","url":"https:\/\/secure.gravatar.com\/avatar\/579d4862364bcf235fb0c0c98fcd0ecd8bd16182ae67d32d89e8bbe1ea847995?s=96&d=mm&r=g","contentUrl":"https:\/\/secure.gravatar.com\/avatar\/579d4862364bcf235fb0c0c98fcd0ecd8bd16182ae67d32d89e8bbe1ea847995?s=96&d=mm&r=g","caption":"Aron Bertiswiese.de"},"logo":{"@id":"https:\/\/secure.gravatar.com\/avatar\/579d4862364bcf235fb0c0c98fcd0ecd8bd16182ae67d32d89e8bbe1ea847995?s=96&d=mm&r=g"}}]}},"_links":{"self":[{"href":"https:\/\/www.bertiswiese.de\/index.php?rest_route=\/wp\/v2\/pages\/324","targetHints":{"allow":["GET"]}}],"collection":[{"href":"https:\/\/www.bertiswiese.de\/index.php?rest_route=\/wp\/v2\/pages"}],"about":[{"href":"https:\/\/www.bertiswiese.de\/index.php?rest_route=\/wp\/v2\/types\/page"}],"author":[{"embeddable":true,"href":"https:\/\/www.bertiswiese.de\/index.php?rest_route=\/wp\/v2\/users\/1"}],"replies":[{"embeddable":true,"href":"https:\/\/www.bertiswiese.de\/index.php?rest_route=%2Fwp%2Fv2%2Fcomments&post=324"}],"version-history":[{"count":1,"href":"https:\/\/www.bertiswiese.de\/index.php?rest_route=\/wp\/v2\/pages\/324\/revisions"}],"predecessor-version":[{"id":332,"href":"https:\/\/www.bertiswiese.de\/index.php?rest_route=\/wp\/v2\/pages\/324\/revisions\/332"}],"wp:attachment":[{"href":"https:\/\/www.bertiswiese.de\/index.php?rest_route=%2Fwp%2Fv2%2Fmedia&parent=324"}],"curies":[{"name":"wp","href":"https:\/\/api.w.org\/{rel}","templated":true}]}}