{"id":315,"date":"2020-03-31T12:38:45","date_gmt":"2020-03-31T12:38:45","guid":{"rendered":"http:\/\/bertiswiese.de\/?page_id=315"},"modified":"2020-03-31T12:41:25","modified_gmt":"2020-03-31T12:41:25","slug":"cox-orange-gravensteiner","status":"publish","type":"page","link":"https:\/\/www.bertiswiese.de\/?page_id=315","title":{"rendered":"Cox Orange\/Gravensteiner"},"content":{"rendered":"\n<p>F\u00fcr meine beiden Kaiser Wilhelm B\u00e4ume habe ich noch einen Best\u00e4uber ben\u00f6tigt, nat\u00fcrlich sollte es ein alter Klassiker mit tollen Eigenschaften sein. Etwas verwundert hatte mich nach dem kauf des Baumes die 2 verschiedenen Typenschilder am Baum das mir nicht aufgefallen ist. Nach meiner aktuellen Information wurde der Baum mit einer Cox und einer Gravensteiner veredelt. Bisher bin ich mir noch nicht sicher welche Aufgaben das mit sich bringt&#8230;wir werden sehen.<\/p>\n\n\n\n<figure class=\"wp-block-image size-large\"><a href=\"https:\/\/www.baumschule-horstmann.de\/shop\/exec\/product\/69\/560\/Herbstapfel-Cox-Orange-Renette.html\"><img loading=\"lazy\" decoding=\"async\" width=\"768\" height=\"1024\" src=\"http:\/\/bertiswiese.de\/wp-content\/uploads\/2020\/03\/IMG_3097-768x1024.jpg\" alt=\"\" class=\"wp-image-316\" srcset=\"https:\/\/www.bertiswiese.de\/wp-content\/uploads\/2020\/03\/IMG_3097-768x1024.jpg 768w, https:\/\/www.bertiswiese.de\/wp-content\/uploads\/2020\/03\/IMG_3097-225x300.jpg 225w, https:\/\/www.bertiswiese.de\/wp-content\/uploads\/2020\/03\/IMG_3097-1152x1536.jpg 1152w, https:\/\/www.bertiswiese.de\/wp-content\/uploads\/2020\/03\/IMG_3097-1536x2048.jpg 1536w, https:\/\/www.bertiswiese.de\/wp-content\/uploads\/2020\/03\/IMG_3097-scaled.jpg 1920w\" sizes=\"auto, (max-width: 768px) 100vw, 768px\" \/><\/a><figcaption>Baum wurde 2019 gepflanzt<br><\/figcaption><\/figure>\n\n\n\n<figure class=\"wp-block-image size-large\"><img loading=\"lazy\" decoding=\"async\" width=\"1024\" height=\"768\" src=\"http:\/\/bertiswiese.de\/wp-content\/uploads\/2020\/03\/IMG_3098-1024x768.jpg\" alt=\"\" class=\"wp-image-317\" srcset=\"https:\/\/www.bertiswiese.de\/wp-content\/uploads\/2020\/03\/IMG_3098-1024x768.jpg 1024w, https:\/\/www.bertiswiese.de\/wp-content\/uploads\/2020\/03\/IMG_3098-300x225.jpg 300w, https:\/\/www.bertiswiese.de\/wp-content\/uploads\/2020\/03\/IMG_3098-768x576.jpg 768w, https:\/\/www.bertiswiese.de\/wp-content\/uploads\/2020\/03\/IMG_3098-1536x1152.jpg 1536w, https:\/\/www.bertiswiese.de\/wp-content\/uploads\/2020\/03\/IMG_3098-2048x1536.jpg 2048w\" sizes=\"auto, (max-width: 1024px) 100vw, 1024px\" \/><\/figure>\n","protected":false},"excerpt":{"rendered":"<p>F\u00fcr meine beiden Kaiser Wilhelm B\u00e4ume habe ich noch einen Best\u00e4uber ben\u00f6tigt, nat\u00fcrlich sollte es ein alter Klassiker mit tollen<\/p>\n","protected":false},"author":1,"featured_media":0,"parent":0,"menu_order":0,"comment_status":"open","ping_status":"closed","template":"","meta":{"footnotes":""},"class_list":["post-315","page","type-page","status-publish","hentry"],"yoast_head":"<!-- This site is optimized with the Yoast SEO plugin v27.3 - https:\/\/yoast.com\/product\/yoast-seo-wordpress\/ -->\n<title>Cox Orange\/Gravensteiner - Bertis Wiese<\/title>\n<meta name=\"robots\" content=\"index, follow, max-snippet:-1, max-image-preview:large, max-video-preview:-1\" \/>\n<link rel=\"canonical\" href=\"https:\/\/www.bertiswiese.de\/?page_id=315\" \/>\n<meta property=\"og:locale\" content=\"de_DE\" \/>\n<meta property=\"og:type\" content=\"article\" \/>\n<meta property=\"og:title\" content=\"Cox Orange\/Gravensteiner - Bertis Wiese\" \/>\n<meta property=\"og:description\" content=\"F\u00fcr meine beiden Kaiser Wilhelm B\u00e4ume habe ich noch einen Best\u00e4uber ben\u00f6tigt, nat\u00fcrlich sollte es ein alter Klassiker mit tollen\" \/>\n<meta property=\"og:url\" content=\"https:\/\/www.bertiswiese.de\/?page_id=315\" \/>\n<meta property=\"og:site_name\" content=\"Bertis Wiese\" \/>\n<meta property=\"article:modified_time\" content=\"2020-03-31T12:41:25+00:00\" \/>\n<meta property=\"og:image\" content=\"http:\/\/bertiswiese.de\/wp-content\/uploads\/2020\/03\/IMG_3097-768x1024.jpg\" \/>\n<meta name=\"twitter:card\" content=\"summary_large_image\" \/>\n<script type=\"application\/ld+json\" class=\"yoast-schema-graph\">{\"@context\":\"https:\\\/\\\/schema.org\",\"@graph\":[{\"@type\":\"WebPage\",\"@id\":\"https:\\\/\\\/www.bertiswiese.de\\\/?page_id=315\",\"url\":\"https:\\\/\\\/www.bertiswiese.de\\\/?page_id=315\",\"name\":\"Cox Orange\\\/Gravensteiner - Bertis Wiese\",\"isPartOf\":{\"@id\":\"https:\\\/\\\/www.bertiswiese.de\\\/#website\"},\"primaryImageOfPage\":{\"@id\":\"https:\\\/\\\/www.bertiswiese.de\\\/?page_id=315#primaryimage\"},\"image\":{\"@id\":\"https:\\\/\\\/www.bertiswiese.de\\\/?page_id=315#primaryimage\"},\"thumbnailUrl\":\"http:\\\/\\\/bertiswiese.de\\\/wp-content\\\/uploads\\\/2020\\\/03\\\/IMG_3097-768x1024.jpg\",\"datePublished\":\"2020-03-31T12:38:45+00:00\",\"dateModified\":\"2020-03-31T12:41:25+00:00\",\"breadcrumb\":{\"@id\":\"https:\\\/\\\/www.bertiswiese.de\\\/?page_id=315#breadcrumb\"},\"inLanguage\":\"de\",\"potentialAction\":[{\"@type\":\"ReadAction\",\"target\":[\"https:\\\/\\\/www.bertiswiese.de\\\/?page_id=315\"]}]},{\"@type\":\"ImageObject\",\"inLanguage\":\"de\",\"@id\":\"https:\\\/\\\/www.bertiswiese.de\\\/?page_id=315#primaryimage\",\"url\":\"http:\\\/\\\/bertiswiese.de\\\/wp-content\\\/uploads\\\/2020\\\/03\\\/IMG_3097-768x1024.jpg\",\"contentUrl\":\"http:\\\/\\\/bertiswiese.de\\\/wp-content\\\/uploads\\\/2020\\\/03\\\/IMG_3097-768x1024.jpg\"},{\"@type\":\"BreadcrumbList\",\"@id\":\"https:\\\/\\\/www.bertiswiese.de\\\/?page_id=315#breadcrumb\",\"itemListElement\":[{\"@type\":\"ListItem\",\"position\":1,\"name\":\"Startseite\",\"item\":\"https:\\\/\\\/www.bertiswiese.de\\\/\"},{\"@type\":\"ListItem\",\"position\":2,\"name\":\"Cox Orange\\\/Gravensteiner\"}]},{\"@type\":\"WebSite\",\"@id\":\"https:\\\/\\\/www.bertiswiese.de\\\/#website\",\"url\":\"https:\\\/\\\/www.bertiswiese.de\\\/\",\"name\":\"Bertis Wiese\",\"description\":\"Unsere Streuobstwiese\",\"publisher\":{\"@id\":\"https:\\\/\\\/www.bertiswiese.de\\\/#\\\/schema\\\/person\\\/ffb93e6b6d8113e79449689ae7db33f9\"},\"potentialAction\":[{\"@type\":\"SearchAction\",\"target\":{\"@type\":\"EntryPoint\",\"urlTemplate\":\"https:\\\/\\\/www.bertiswiese.de\\\/?s={search_term_string}\"},\"query-input\":{\"@type\":\"PropertyValueSpecification\",\"valueRequired\":true,\"valueName\":\"search_term_string\"}}],\"inLanguage\":\"de\"},{\"@type\":[\"Person\",\"Organization\"],\"@id\":\"https:\\\/\\\/www.bertiswiese.de\\\/#\\\/schema\\\/person\\\/ffb93e6b6d8113e79449689ae7db33f9\",\"name\":\"Aron Bertiswiese.de\",\"image\":{\"@type\":\"ImageObject\",\"inLanguage\":\"de\",\"@id\":\"https:\\\/\\\/secure.gravatar.com\\\/avatar\\\/579d4862364bcf235fb0c0c98fcd0ecd8bd16182ae67d32d89e8bbe1ea847995?s=96&d=mm&r=g\",\"url\":\"https:\\\/\\\/secure.gravatar.com\\\/avatar\\\/579d4862364bcf235fb0c0c98fcd0ecd8bd16182ae67d32d89e8bbe1ea847995?s=96&d=mm&r=g\",\"contentUrl\":\"https:\\\/\\\/secure.gravatar.com\\\/avatar\\\/579d4862364bcf235fb0c0c98fcd0ecd8bd16182ae67d32d89e8bbe1ea847995?s=96&d=mm&r=g\",\"caption\":\"Aron Bertiswiese.de\"},\"logo\":{\"@id\":\"https:\\\/\\\/secure.gravatar.com\\\/avatar\\\/579d4862364bcf235fb0c0c98fcd0ecd8bd16182ae67d32d89e8bbe1ea847995?s=96&d=mm&r=g\"}}]}<\/script>\n<!-- \/ Yoast SEO plugin. -->","yoast_head_json":{"title":"Cox Orange\/Gravensteiner - Bertis Wiese","robots":{"index":"index","follow":"follow","max-snippet":"max-snippet:-1","max-image-preview":"max-image-preview:large","max-video-preview":"max-video-preview:-1"},"canonical":"https:\/\/www.bertiswiese.de\/?page_id=315","og_locale":"de_DE","og_type":"article","og_title":"Cox Orange\/Gravensteiner - Bertis Wiese","og_description":"F\u00fcr meine beiden Kaiser Wilhelm B\u00e4ume habe ich noch einen Best\u00e4uber ben\u00f6tigt, nat\u00fcrlich sollte es ein alter Klassiker mit tollen","og_url":"https:\/\/www.bertiswiese.de\/?page_id=315","og_site_name":"Bertis Wiese","article_modified_time":"2020-03-31T12:41:25+00:00","og_image":[{"url":"http:\/\/bertiswiese.de\/wp-content\/uploads\/2020\/03\/IMG_3097-768x1024.jpg","type":"","width":"","height":""}],"twitter_card":"summary_large_image","schema":{"@context":"https:\/\/schema.org","@graph":[{"@type":"WebPage","@id":"https:\/\/www.bertiswiese.de\/?page_id=315","url":"https:\/\/www.bertiswiese.de\/?page_id=315","name":"Cox Orange\/Gravensteiner - Bertis Wiese","isPartOf":{"@id":"https:\/\/www.bertiswiese.de\/#website"},"primaryImageOfPage":{"@id":"https:\/\/www.bertiswiese.de\/?page_id=315#primaryimage"},"image":{"@id":"https:\/\/www.bertiswiese.de\/?page_id=315#primaryimage"},"thumbnailUrl":"http:\/\/bertiswiese.de\/wp-content\/uploads\/2020\/03\/IMG_3097-768x1024.jpg","datePublished":"2020-03-31T12:38:45+00:00","dateModified":"2020-03-31T12:41:25+00:00","breadcrumb":{"@id":"https:\/\/www.bertiswiese.de\/?page_id=315#breadcrumb"},"inLanguage":"de","potentialAction":[{"@type":"ReadAction","target":["https:\/\/www.bertiswiese.de\/?page_id=315"]}]},{"@type":"ImageObject","inLanguage":"de","@id":"https:\/\/www.bertiswiese.de\/?page_id=315#primaryimage","url":"http:\/\/bertiswiese.de\/wp-content\/uploads\/2020\/03\/IMG_3097-768x1024.jpg","contentUrl":"http:\/\/bertiswiese.de\/wp-content\/uploads\/2020\/03\/IMG_3097-768x1024.jpg"},{"@type":"BreadcrumbList","@id":"https:\/\/www.bertiswiese.de\/?page_id=315#breadcrumb","itemListElement":[{"@type":"ListItem","position":1,"name":"Startseite","item":"https:\/\/www.bertiswiese.de\/"},{"@type":"ListItem","position":2,"name":"Cox Orange\/Gravensteiner"}]},{"@type":"WebSite","@id":"https:\/\/www.bertiswiese.de\/#website","url":"https:\/\/www.bertiswiese.de\/","name":"Bertis Wiese","description":"Unsere Streuobstwiese","publisher":{"@id":"https:\/\/www.bertiswiese.de\/#\/schema\/person\/ffb93e6b6d8113e79449689ae7db33f9"},"potentialAction":[{"@type":"SearchAction","target":{"@type":"EntryPoint","urlTemplate":"https:\/\/www.bertiswiese.de\/?s={search_term_string}"},"query-input":{"@type":"PropertyValueSpecification","valueRequired":true,"valueName":"search_term_string"}}],"inLanguage":"de"},{"@type":["Person","Organization"],"@id":"https:\/\/www.bertiswiese.de\/#\/schema\/person\/ffb93e6b6d8113e79449689ae7db33f9","name":"Aron Bertiswiese.de","image":{"@type":"ImageObject","inLanguage":"de","@id":"https:\/\/secure.gravatar.com\/avatar\/579d4862364bcf235fb0c0c98fcd0ecd8bd16182ae67d32d89e8bbe1ea847995?s=96&d=mm&r=g","url":"https:\/\/secure.gravatar.com\/avatar\/579d4862364bcf235fb0c0c98fcd0ecd8bd16182ae67d32d89e8bbe1ea847995?s=96&d=mm&r=g","contentUrl":"https:\/\/secure.gravatar.com\/avatar\/579d4862364bcf235fb0c0c98fcd0ecd8bd16182ae67d32d89e8bbe1ea847995?s=96&d=mm&r=g","caption":"Aron Bertiswiese.de"},"logo":{"@id":"https:\/\/secure.gravatar.com\/avatar\/579d4862364bcf235fb0c0c98fcd0ecd8bd16182ae67d32d89e8bbe1ea847995?s=96&d=mm&r=g"}}]}},"_links":{"self":[{"href":"https:\/\/www.bertiswiese.de\/index.php?rest_route=\/wp\/v2\/pages\/315","targetHints":{"allow":["GET"]}}],"collection":[{"href":"https:\/\/www.bertiswiese.de\/index.php?rest_route=\/wp\/v2\/pages"}],"about":[{"href":"https:\/\/www.bertiswiese.de\/index.php?rest_route=\/wp\/v2\/types\/page"}],"author":[{"embeddable":true,"href":"https:\/\/www.bertiswiese.de\/index.php?rest_route=\/wp\/v2\/users\/1"}],"replies":[{"embeddable":true,"href":"https:\/\/www.bertiswiese.de\/index.php?rest_route=%2Fwp%2Fv2%2Fcomments&post=315"}],"version-history":[{"count":1,"href":"https:\/\/www.bertiswiese.de\/index.php?rest_route=\/wp\/v2\/pages\/315\/revisions"}],"predecessor-version":[{"id":318,"href":"https:\/\/www.bertiswiese.de\/index.php?rest_route=\/wp\/v2\/pages\/315\/revisions\/318"}],"wp:attachment":[{"href":"https:\/\/www.bertiswiese.de\/index.php?rest_route=%2Fwp%2Fv2%2Fmedia&parent=315"}],"curies":[{"name":"wp","href":"https:\/\/api.w.org\/{rel}","templated":true}]}}