{"id":30,"date":"2019-10-29T16:56:20","date_gmt":"2019-10-29T16:56:20","guid":{"rendered":"http:\/\/bertiswiese.de\/?page_id=30"},"modified":"2020-05-08T18:50:33","modified_gmt":"2020-05-08T18:50:33","slug":"unser-feigenbaum","status":"publish","type":"page","link":"https:\/\/www.bertiswiese.de\/?page_id=30","title":{"rendered":"Unser Feigenbaum"},"content":{"rendered":"\n<p><\/p>\n\n\n\n<figure class=\"wp-block-image is-resized\"><img loading=\"lazy\" decoding=\"async\" src=\"http:\/\/bertiswiese.de\/wp-content\/uploads\/2019\/10\/Feigenbaum072018-768x1024.jpg\" alt=\"\" class=\"wp-image-79\" width=\"560\" height=\"746\" srcset=\"https:\/\/www.bertiswiese.de\/wp-content\/uploads\/2019\/10\/Feigenbaum072018-768x1024.jpg 768w, https:\/\/www.bertiswiese.de\/wp-content\/uploads\/2019\/10\/Feigenbaum072018-225x300.jpg 225w, https:\/\/www.bertiswiese.de\/wp-content\/uploads\/2019\/10\/Feigenbaum072018-1200x1600.jpg 1200w\" sizes=\"auto, (max-width: 560px) 100vw, 560px\" \/><figcaption>Das Herzst\u00fcck in unserem kleinen Vorgarten<\/figcaption><\/figure>\n\n\n\n<figure class=\"wp-block-image size-large\"><img loading=\"lazy\" decoding=\"async\" width=\"768\" height=\"1024\" src=\"http:\/\/bertiswiese.de\/wp-content\/uploads\/2019\/12\/20180527_175726-768x1024.jpg\" alt=\"\" class=\"wp-image-209\" srcset=\"https:\/\/www.bertiswiese.de\/wp-content\/uploads\/2019\/12\/20180527_175726-768x1024.jpg 768w, https:\/\/www.bertiswiese.de\/wp-content\/uploads\/2019\/12\/20180527_175726-225x300.jpg 225w, https:\/\/www.bertiswiese.de\/wp-content\/uploads\/2019\/12\/20180527_175726-1152x1536.jpg 1152w, https:\/\/www.bertiswiese.de\/wp-content\/uploads\/2019\/12\/20180527_175726-1536x2048.jpg 1536w, https:\/\/www.bertiswiese.de\/wp-content\/uploads\/2019\/12\/20180527_175726-scaled.jpg 1920w\" sizes=\"auto, (max-width: 768px) 100vw, 768px\" \/><figcaption>Mai 2018<br><\/figcaption><\/figure>\n\n\n\n<p>Durch die mit w\u00e4rme abstrahlende Hauswand und die S\u00fcd-West Seite liefert uns der Feigenbaum zweimal j\u00e4hrlich eine gro\u00dfe Ernte.<\/p>\n\n\n\n<p>Der Erntezeitpunkt liegt meist im August und ende Oktober. Wir haben festgestellt dass die zweite Ernte etwas geringer ausf\u00e4llt aber die Qualit\u00e4t der Fr\u00fcchte besser ist und einfach noch s\u00fc\u00dfer sind. \ud83d\ude42<\/p>\n\n\n\n<p>Ich schneide den Baum jedes Jahr radikal zur\u00fcck sobald er das Laub abgeworfen hat.<\/p>\n\n\n\n<p>Mit den Fr\u00fcchten zaubert Marisa leckere Marmelade oder einen sehr feinen Essig der einige Wochen ziehen sollte. Hier geht es zum Rezept des Essigs.<\/p>\n\n\n\n<figure class=\"wp-block-image is-resized\"><img loading=\"lazy\" decoding=\"async\" src=\"http:\/\/bertiswiese.de\/wp-content\/uploads\/2019\/10\/Feigenbaum102019-768x1024.jpg\" alt=\"\" class=\"wp-image-80\" width=\"363\" height=\"484\" srcset=\"https:\/\/www.bertiswiese.de\/wp-content\/uploads\/2019\/10\/Feigenbaum102019-768x1024.jpg 768w, https:\/\/www.bertiswiese.de\/wp-content\/uploads\/2019\/10\/Feigenbaum102019-225x300.jpg 225w, https:\/\/www.bertiswiese.de\/wp-content\/uploads\/2019\/10\/Feigenbaum102019-1200x1600.jpg 1200w\" sizes=\"auto, (max-width: 363px) 100vw, 363px\" \/><figcaption>Unser Baum Oktober 2019<\/figcaption><\/figure>\n\n\n\n<figure class=\"wp-block-image\"><img loading=\"lazy\" decoding=\"async\" width=\"768\" height=\"1024\" src=\"http:\/\/bertiswiese.de\/wp-content\/uploads\/2019\/11\/IMG_2970-768x1024.jpg\" alt=\"\" class=\"wp-image-158\" srcset=\"https:\/\/www.bertiswiese.de\/wp-content\/uploads\/2019\/11\/IMG_2970-768x1024.jpg 768w, https:\/\/www.bertiswiese.de\/wp-content\/uploads\/2019\/11\/IMG_2970-225x300.jpg 225w\" sizes=\"auto, (max-width: 768px) 100vw, 768px\" \/><figcaption>Blick vom Esstisch aus, wer braucht schon einen Rollladen \ud83d\ude09<br><\/figcaption><\/figure>\n\n\n\n<figure class=\"wp-block-image size-large\"><img loading=\"lazy\" decoding=\"async\" width=\"576\" height=\"1024\" src=\"http:\/\/www.bertiswiese.de\/wp-content\/uploads\/2020\/05\/20200503_133405-576x1024.jpg\" alt=\"\" class=\"wp-image-460\" srcset=\"https:\/\/www.bertiswiese.de\/wp-content\/uploads\/2020\/05\/20200503_133405-576x1024.jpg 576w, https:\/\/www.bertiswiese.de\/wp-content\/uploads\/2020\/05\/20200503_133405-169x300.jpg 169w, https:\/\/www.bertiswiese.de\/wp-content\/uploads\/2020\/05\/20200503_133405-768x1365.jpg 768w, https:\/\/www.bertiswiese.de\/wp-content\/uploads\/2020\/05\/20200503_133405-864x1536.jpg 864w, https:\/\/www.bertiswiese.de\/wp-content\/uploads\/2020\/05\/20200503_133405-1152x2048.jpg 1152w, https:\/\/www.bertiswiese.de\/wp-content\/uploads\/2020\/05\/20200503_133405-scaled.jpg 1440w\" sizes=\"auto, (max-width: 576px) 100vw, 576px\" \/><figcaption>Mai 2020<br><\/figcaption><\/figure>\n","protected":false},"excerpt":{"rendered":"<p>Durch die mit w\u00e4rme abstrahlende Hauswand und die S\u00fcd-West Seite liefert uns der Feigenbaum zweimal j\u00e4hrlich eine gro\u00dfe Ernte. Der<\/p>\n","protected":false},"author":1,"featured_media":0,"parent":0,"menu_order":0,"comment_status":"closed","ping_status":"closed","template":"","meta":{"footnotes":""},"class_list":["post-30","page","type-page","status-publish","hentry"],"yoast_head":"<!-- This site is optimized with the Yoast SEO plugin v27.3 - https:\/\/yoast.com\/product\/yoast-seo-wordpress\/ -->\n<title>Unser Feigenbaum - Bertis Wiese<\/title>\n<meta name=\"robots\" content=\"index, follow, max-snippet:-1, max-image-preview:large, max-video-preview:-1\" \/>\n<link rel=\"canonical\" href=\"https:\/\/www.bertiswiese.de\/?page_id=30\" \/>\n<meta property=\"og:locale\" content=\"de_DE\" \/>\n<meta property=\"og:type\" content=\"article\" \/>\n<meta property=\"og:title\" content=\"Unser Feigenbaum - Bertis Wiese\" \/>\n<meta property=\"og:description\" content=\"Durch die mit w\u00e4rme abstrahlende Hauswand und die S\u00fcd-West Seite liefert uns der Feigenbaum zweimal j\u00e4hrlich eine gro\u00dfe Ernte. Der\" \/>\n<meta property=\"og:url\" content=\"https:\/\/www.bertiswiese.de\/?page_id=30\" \/>\n<meta property=\"og:site_name\" content=\"Bertis Wiese\" \/>\n<meta property=\"article:modified_time\" content=\"2020-05-08T18:50:33+00:00\" \/>\n<meta property=\"og:image\" content=\"http:\/\/bertiswiese.de\/wp-content\/uploads\/2019\/10\/Feigenbaum072018-768x1024.jpg\" \/>\n<meta name=\"twitter:card\" content=\"summary_large_image\" \/>\n<meta name=\"twitter:label1\" content=\"Gesch\u00e4tzte Lesezeit\" \/>\n\t<meta name=\"twitter:data1\" content=\"1\u00a0Minute\" \/>\n<script type=\"application\/ld+json\" class=\"yoast-schema-graph\">{\"@context\":\"https:\\\/\\\/schema.org\",\"@graph\":[{\"@type\":\"WebPage\",\"@id\":\"https:\\\/\\\/www.bertiswiese.de\\\/?page_id=30\",\"url\":\"https:\\\/\\\/www.bertiswiese.de\\\/?page_id=30\",\"name\":\"Unser Feigenbaum - Bertis Wiese\",\"isPartOf\":{\"@id\":\"https:\\\/\\\/www.bertiswiese.de\\\/#website\"},\"primaryImageOfPage\":{\"@id\":\"https:\\\/\\\/www.bertiswiese.de\\\/?page_id=30#primaryimage\"},\"image\":{\"@id\":\"https:\\\/\\\/www.bertiswiese.de\\\/?page_id=30#primaryimage\"},\"thumbnailUrl\":\"http:\\\/\\\/bertiswiese.de\\\/wp-content\\\/uploads\\\/2019\\\/10\\\/Feigenbaum072018-768x1024.jpg\",\"datePublished\":\"2019-10-29T16:56:20+00:00\",\"dateModified\":\"2020-05-08T18:50:33+00:00\",\"breadcrumb\":{\"@id\":\"https:\\\/\\\/www.bertiswiese.de\\\/?page_id=30#breadcrumb\"},\"inLanguage\":\"de\",\"potentialAction\":[{\"@type\":\"ReadAction\",\"target\":[\"https:\\\/\\\/www.bertiswiese.de\\\/?page_id=30\"]}]},{\"@type\":\"ImageObject\",\"inLanguage\":\"de\",\"@id\":\"https:\\\/\\\/www.bertiswiese.de\\\/?page_id=30#primaryimage\",\"url\":\"http:\\\/\\\/bertiswiese.de\\\/wp-content\\\/uploads\\\/2019\\\/10\\\/Feigenbaum072018-768x1024.jpg\",\"contentUrl\":\"http:\\\/\\\/bertiswiese.de\\\/wp-content\\\/uploads\\\/2019\\\/10\\\/Feigenbaum072018-768x1024.jpg\"},{\"@type\":\"BreadcrumbList\",\"@id\":\"https:\\\/\\\/www.bertiswiese.de\\\/?page_id=30#breadcrumb\",\"itemListElement\":[{\"@type\":\"ListItem\",\"position\":1,\"name\":\"Startseite\",\"item\":\"https:\\\/\\\/www.bertiswiese.de\\\/\"},{\"@type\":\"ListItem\",\"position\":2,\"name\":\"Unser Feigenbaum\"}]},{\"@type\":\"WebSite\",\"@id\":\"https:\\\/\\\/www.bertiswiese.de\\\/#website\",\"url\":\"https:\\\/\\\/www.bertiswiese.de\\\/\",\"name\":\"Bertis Wiese\",\"description\":\"Unsere Streuobstwiese\",\"publisher\":{\"@id\":\"https:\\\/\\\/www.bertiswiese.de\\\/#\\\/schema\\\/person\\\/ffb93e6b6d8113e79449689ae7db33f9\"},\"potentialAction\":[{\"@type\":\"SearchAction\",\"target\":{\"@type\":\"EntryPoint\",\"urlTemplate\":\"https:\\\/\\\/www.bertiswiese.de\\\/?s={search_term_string}\"},\"query-input\":{\"@type\":\"PropertyValueSpecification\",\"valueRequired\":true,\"valueName\":\"search_term_string\"}}],\"inLanguage\":\"de\"},{\"@type\":[\"Person\",\"Organization\"],\"@id\":\"https:\\\/\\\/www.bertiswiese.de\\\/#\\\/schema\\\/person\\\/ffb93e6b6d8113e79449689ae7db33f9\",\"name\":\"Aron Bertiswiese.de\",\"image\":{\"@type\":\"ImageObject\",\"inLanguage\":\"de\",\"@id\":\"https:\\\/\\\/secure.gravatar.com\\\/avatar\\\/579d4862364bcf235fb0c0c98fcd0ecd8bd16182ae67d32d89e8bbe1ea847995?s=96&d=mm&r=g\",\"url\":\"https:\\\/\\\/secure.gravatar.com\\\/avatar\\\/579d4862364bcf235fb0c0c98fcd0ecd8bd16182ae67d32d89e8bbe1ea847995?s=96&d=mm&r=g\",\"contentUrl\":\"https:\\\/\\\/secure.gravatar.com\\\/avatar\\\/579d4862364bcf235fb0c0c98fcd0ecd8bd16182ae67d32d89e8bbe1ea847995?s=96&d=mm&r=g\",\"caption\":\"Aron Bertiswiese.de\"},\"logo\":{\"@id\":\"https:\\\/\\\/secure.gravatar.com\\\/avatar\\\/579d4862364bcf235fb0c0c98fcd0ecd8bd16182ae67d32d89e8bbe1ea847995?s=96&d=mm&r=g\"}}]}<\/script>\n<!-- \/ Yoast SEO plugin. -->","yoast_head_json":{"title":"Unser Feigenbaum - Bertis Wiese","robots":{"index":"index","follow":"follow","max-snippet":"max-snippet:-1","max-image-preview":"max-image-preview:large","max-video-preview":"max-video-preview:-1"},"canonical":"https:\/\/www.bertiswiese.de\/?page_id=30","og_locale":"de_DE","og_type":"article","og_title":"Unser Feigenbaum - Bertis Wiese","og_description":"Durch die mit w\u00e4rme abstrahlende Hauswand und die S\u00fcd-West Seite liefert uns der Feigenbaum zweimal j\u00e4hrlich eine gro\u00dfe Ernte. Der","og_url":"https:\/\/www.bertiswiese.de\/?page_id=30","og_site_name":"Bertis Wiese","article_modified_time":"2020-05-08T18:50:33+00:00","og_image":[{"url":"http:\/\/bertiswiese.de\/wp-content\/uploads\/2019\/10\/Feigenbaum072018-768x1024.jpg","type":"","width":"","height":""}],"twitter_card":"summary_large_image","twitter_misc":{"Gesch\u00e4tzte Lesezeit":"1\u00a0Minute"},"schema":{"@context":"https:\/\/schema.org","@graph":[{"@type":"WebPage","@id":"https:\/\/www.bertiswiese.de\/?page_id=30","url":"https:\/\/www.bertiswiese.de\/?page_id=30","name":"Unser Feigenbaum - Bertis Wiese","isPartOf":{"@id":"https:\/\/www.bertiswiese.de\/#website"},"primaryImageOfPage":{"@id":"https:\/\/www.bertiswiese.de\/?page_id=30#primaryimage"},"image":{"@id":"https:\/\/www.bertiswiese.de\/?page_id=30#primaryimage"},"thumbnailUrl":"http:\/\/bertiswiese.de\/wp-content\/uploads\/2019\/10\/Feigenbaum072018-768x1024.jpg","datePublished":"2019-10-29T16:56:20+00:00","dateModified":"2020-05-08T18:50:33+00:00","breadcrumb":{"@id":"https:\/\/www.bertiswiese.de\/?page_id=30#breadcrumb"},"inLanguage":"de","potentialAction":[{"@type":"ReadAction","target":["https:\/\/www.bertiswiese.de\/?page_id=30"]}]},{"@type":"ImageObject","inLanguage":"de","@id":"https:\/\/www.bertiswiese.de\/?page_id=30#primaryimage","url":"http:\/\/bertiswiese.de\/wp-content\/uploads\/2019\/10\/Feigenbaum072018-768x1024.jpg","contentUrl":"http:\/\/bertiswiese.de\/wp-content\/uploads\/2019\/10\/Feigenbaum072018-768x1024.jpg"},{"@type":"BreadcrumbList","@id":"https:\/\/www.bertiswiese.de\/?page_id=30#breadcrumb","itemListElement":[{"@type":"ListItem","position":1,"name":"Startseite","item":"https:\/\/www.bertiswiese.de\/"},{"@type":"ListItem","position":2,"name":"Unser Feigenbaum"}]},{"@type":"WebSite","@id":"https:\/\/www.bertiswiese.de\/#website","url":"https:\/\/www.bertiswiese.de\/","name":"Bertis Wiese","description":"Unsere Streuobstwiese","publisher":{"@id":"https:\/\/www.bertiswiese.de\/#\/schema\/person\/ffb93e6b6d8113e79449689ae7db33f9"},"potentialAction":[{"@type":"SearchAction","target":{"@type":"EntryPoint","urlTemplate":"https:\/\/www.bertiswiese.de\/?s={search_term_string}"},"query-input":{"@type":"PropertyValueSpecification","valueRequired":true,"valueName":"search_term_string"}}],"inLanguage":"de"},{"@type":["Person","Organization"],"@id":"https:\/\/www.bertiswiese.de\/#\/schema\/person\/ffb93e6b6d8113e79449689ae7db33f9","name":"Aron Bertiswiese.de","image":{"@type":"ImageObject","inLanguage":"de","@id":"https:\/\/secure.gravatar.com\/avatar\/579d4862364bcf235fb0c0c98fcd0ecd8bd16182ae67d32d89e8bbe1ea847995?s=96&d=mm&r=g","url":"https:\/\/secure.gravatar.com\/avatar\/579d4862364bcf235fb0c0c98fcd0ecd8bd16182ae67d32d89e8bbe1ea847995?s=96&d=mm&r=g","contentUrl":"https:\/\/secure.gravatar.com\/avatar\/579d4862364bcf235fb0c0c98fcd0ecd8bd16182ae67d32d89e8bbe1ea847995?s=96&d=mm&r=g","caption":"Aron Bertiswiese.de"},"logo":{"@id":"https:\/\/secure.gravatar.com\/avatar\/579d4862364bcf235fb0c0c98fcd0ecd8bd16182ae67d32d89e8bbe1ea847995?s=96&d=mm&r=g"}}]}},"_links":{"self":[{"href":"https:\/\/www.bertiswiese.de\/index.php?rest_route=\/wp\/v2\/pages\/30","targetHints":{"allow":["GET"]}}],"collection":[{"href":"https:\/\/www.bertiswiese.de\/index.php?rest_route=\/wp\/v2\/pages"}],"about":[{"href":"https:\/\/www.bertiswiese.de\/index.php?rest_route=\/wp\/v2\/types\/page"}],"author":[{"embeddable":true,"href":"https:\/\/www.bertiswiese.de\/index.php?rest_route=\/wp\/v2\/users\/1"}],"replies":[{"embeddable":true,"href":"https:\/\/www.bertiswiese.de\/index.php?rest_route=%2Fwp%2Fv2%2Fcomments&post=30"}],"version-history":[{"count":7,"href":"https:\/\/www.bertiswiese.de\/index.php?rest_route=\/wp\/v2\/pages\/30\/revisions"}],"predecessor-version":[{"id":461,"href":"https:\/\/www.bertiswiese.de\/index.php?rest_route=\/wp\/v2\/pages\/30\/revisions\/461"}],"wp:attachment":[{"href":"https:\/\/www.bertiswiese.de\/index.php?rest_route=%2Fwp%2Fv2%2Fmedia&parent=30"}],"curies":[{"name":"wp","href":"https:\/\/api.w.org\/{rel}","templated":true}]}}