{"id":28,"date":"2019-10-29T16:56:20","date_gmt":"2019-10-29T16:56:20","guid":{"rendered":"http:\/\/bertiswiese.de\/?page_id=28"},"modified":"2019-11-10T18:39:24","modified_gmt":"2019-11-10T18:39:24","slug":"die-wiese","status":"publish","type":"page","link":"https:\/\/www.bertiswiese.de\/?page_id=28","title":{"rendered":"Die Wiese"},"content":{"rendered":"\n<h1 class=\"wp-block-heading\">Bertis Wiese<\/h1>\n\n\n\n<p>Unser Wiese befindet sich auf dem Michaelsberg in Untergrombach. Sie ist im Bereich Untere Steig und hat eine Gr\u00f6\u00dfe von 22a.<\/p>\n\n\n\n<p>Es ist eine Streuobstwiese mit vielen alten Birnen und Zwetschgenb\u00e4umen die mein Gro\u00dfvater oft zur Gewinnung von Obstbrand genutzt hat.<\/p>\n\n\n\n<p>Durch die SW Hanglage ist die Streuobstwiese hervorragend geeignet f\u00fcr Sonnenhungrige Obstb\u00e4ume wie zb. Zwetschgen, Birnen oder Aprikosen.<\/p>\n\n\n\n<p>Neben einigen Vogelnester haben wir auch viele Bienenhotels angebracht um den bedrohten Tieren Unterschlupf und Lebensraum zu sichern. Alte B\u00e4ume werden nicht gef\u00e4llt sondern dienen als R\u00fcckzugsort f\u00fcr V\u00f6gel, Insekten oder anderen Tieren.<\/p>\n\n\n\n<figure class=\"wp-block-image\"><img loading=\"lazy\" decoding=\"async\" width=\"1024\" height=\"655\" src=\"http:\/\/bertiswiese.de\/wp-content\/uploads\/2019\/11\/Unbenannt-1024x655.jpg\" alt=\"\" class=\"wp-image-172\" srcset=\"https:\/\/www.bertiswiese.de\/wp-content\/uploads\/2019\/11\/Unbenannt-1024x655.jpg 1024w, https:\/\/www.bertiswiese.de\/wp-content\/uploads\/2019\/11\/Unbenannt-300x192.jpg 300w, https:\/\/www.bertiswiese.de\/wp-content\/uploads\/2019\/11\/Unbenannt-768x491.jpg 768w\" sizes=\"auto, (max-width: 1024px) 100vw, 1024px\" \/><\/figure>\n\n\n\n<figure class=\"wp-block-image\"><img loading=\"lazy\" decoding=\"async\" width=\"1024\" height=\"683\" src=\"http:\/\/bertiswiese.de\/wp-content\/uploads\/2019\/11\/DSC_4397-1024x683.jpg\" alt=\"\" class=\"wp-image-173\" srcset=\"https:\/\/www.bertiswiese.de\/wp-content\/uploads\/2019\/11\/DSC_4397-1024x683.jpg 1024w, https:\/\/www.bertiswiese.de\/wp-content\/uploads\/2019\/11\/DSC_4397-300x200.jpg 300w, https:\/\/www.bertiswiese.de\/wp-content\/uploads\/2019\/11\/DSC_4397-768x513.jpg 768w\" sizes=\"auto, (max-width: 1024px) 100vw, 1024px\" \/><\/figure>\n\n\n\n<figure class=\"wp-block-image\"><img loading=\"lazy\" decoding=\"async\" width=\"1024\" height=\"683\" src=\"http:\/\/bertiswiese.de\/wp-content\/uploads\/2019\/11\/DSC_4400-1024x683.jpg\" alt=\"\" class=\"wp-image-174\" srcset=\"https:\/\/www.bertiswiese.de\/wp-content\/uploads\/2019\/11\/DSC_4400-1024x683.jpg 1024w, https:\/\/www.bertiswiese.de\/wp-content\/uploads\/2019\/11\/DSC_4400-300x200.jpg 300w, https:\/\/www.bertiswiese.de\/wp-content\/uploads\/2019\/11\/DSC_4400-768x513.jpg 768w\" sizes=\"auto, (max-width: 1024px) 100vw, 1024px\" \/><\/figure>\n\n\n\n<figure class=\"wp-block-image\"><img loading=\"lazy\" decoding=\"async\" width=\"768\" height=\"1151\" src=\"http:\/\/bertiswiese.de\/wp-content\/uploads\/2019\/11\/DSC_4412-1-768x1151.jpg\" alt=\"\" class=\"wp-image-176\" srcset=\"https:\/\/www.bertiswiese.de\/wp-content\/uploads\/2019\/11\/DSC_4412-1-768x1151.jpg 768w, https:\/\/www.bertiswiese.de\/wp-content\/uploads\/2019\/11\/DSC_4412-1-200x300.jpg 200w, https:\/\/www.bertiswiese.de\/wp-content\/uploads\/2019\/11\/DSC_4412-1-683x1024.jpg 683w\" sizes=\"auto, (max-width: 768px) 100vw, 768px\" \/><\/figure>\n","protected":false},"excerpt":{"rendered":"<p>Bertis Wiese Unser Wiese befindet sich auf dem Michaelsberg in Untergrombach. Sie ist im Bereich Untere Steig und hat eine<\/p>\n","protected":false},"author":1,"featured_media":0,"parent":0,"menu_order":0,"comment_status":"closed","ping_status":"closed","template":"","meta":{"footnotes":""},"class_list":["post-28","page","type-page","status-publish","hentry"],"yoast_head":"<!-- This site is optimized with the Yoast SEO plugin v27.3 - https:\/\/yoast.com\/product\/yoast-seo-wordpress\/ -->\n<title>Die Wiese - Bertis Wiese<\/title>\n<meta name=\"robots\" content=\"index, follow, max-snippet:-1, max-image-preview:large, max-video-preview:-1\" \/>\n<link rel=\"canonical\" href=\"https:\/\/www.bertiswiese.de\/?page_id=28\" \/>\n<meta property=\"og:locale\" content=\"de_DE\" \/>\n<meta property=\"og:type\" content=\"article\" \/>\n<meta property=\"og:title\" content=\"Die Wiese - Bertis Wiese\" \/>\n<meta property=\"og:description\" content=\"Bertis Wiese Unser Wiese befindet sich auf dem Michaelsberg in Untergrombach. Sie ist im Bereich Untere Steig und hat eine\" \/>\n<meta property=\"og:url\" content=\"https:\/\/www.bertiswiese.de\/?page_id=28\" \/>\n<meta property=\"og:site_name\" content=\"Bertis Wiese\" \/>\n<meta property=\"article:modified_time\" content=\"2019-11-10T18:39:24+00:00\" \/>\n<meta property=\"og:image\" content=\"http:\/\/bertiswiese.de\/wp-content\/uploads\/2019\/11\/Unbenannt-1024x655.jpg\" \/>\n<meta name=\"twitter:card\" content=\"summary_large_image\" \/>\n<meta name=\"twitter:label1\" content=\"Gesch\u00e4tzte Lesezeit\" \/>\n\t<meta name=\"twitter:data1\" content=\"1\u00a0Minute\" \/>\n<script type=\"application\/ld+json\" class=\"yoast-schema-graph\">{\"@context\":\"https:\\\/\\\/schema.org\",\"@graph\":[{\"@type\":\"WebPage\",\"@id\":\"https:\\\/\\\/www.bertiswiese.de\\\/?page_id=28\",\"url\":\"https:\\\/\\\/www.bertiswiese.de\\\/?page_id=28\",\"name\":\"Die Wiese - Bertis Wiese\",\"isPartOf\":{\"@id\":\"https:\\\/\\\/www.bertiswiese.de\\\/#website\"},\"primaryImageOfPage\":{\"@id\":\"https:\\\/\\\/www.bertiswiese.de\\\/?page_id=28#primaryimage\"},\"image\":{\"@id\":\"https:\\\/\\\/www.bertiswiese.de\\\/?page_id=28#primaryimage\"},\"thumbnailUrl\":\"http:\\\/\\\/bertiswiese.de\\\/wp-content\\\/uploads\\\/2019\\\/11\\\/Unbenannt-1024x655.jpg\",\"datePublished\":\"2019-10-29T16:56:20+00:00\",\"dateModified\":\"2019-11-10T18:39:24+00:00\",\"breadcrumb\":{\"@id\":\"https:\\\/\\\/www.bertiswiese.de\\\/?page_id=28#breadcrumb\"},\"inLanguage\":\"de\",\"potentialAction\":[{\"@type\":\"ReadAction\",\"target\":[\"https:\\\/\\\/www.bertiswiese.de\\\/?page_id=28\"]}]},{\"@type\":\"ImageObject\",\"inLanguage\":\"de\",\"@id\":\"https:\\\/\\\/www.bertiswiese.de\\\/?page_id=28#primaryimage\",\"url\":\"http:\\\/\\\/bertiswiese.de\\\/wp-content\\\/uploads\\\/2019\\\/11\\\/Unbenannt-1024x655.jpg\",\"contentUrl\":\"http:\\\/\\\/bertiswiese.de\\\/wp-content\\\/uploads\\\/2019\\\/11\\\/Unbenannt-1024x655.jpg\"},{\"@type\":\"BreadcrumbList\",\"@id\":\"https:\\\/\\\/www.bertiswiese.de\\\/?page_id=28#breadcrumb\",\"itemListElement\":[{\"@type\":\"ListItem\",\"position\":1,\"name\":\"Startseite\",\"item\":\"https:\\\/\\\/www.bertiswiese.de\\\/\"},{\"@type\":\"ListItem\",\"position\":2,\"name\":\"Die Wiese\"}]},{\"@type\":\"WebSite\",\"@id\":\"https:\\\/\\\/www.bertiswiese.de\\\/#website\",\"url\":\"https:\\\/\\\/www.bertiswiese.de\\\/\",\"name\":\"Bertis Wiese\",\"description\":\"Unsere Streuobstwiese\",\"publisher\":{\"@id\":\"https:\\\/\\\/www.bertiswiese.de\\\/#\\\/schema\\\/person\\\/ffb93e6b6d8113e79449689ae7db33f9\"},\"potentialAction\":[{\"@type\":\"SearchAction\",\"target\":{\"@type\":\"EntryPoint\",\"urlTemplate\":\"https:\\\/\\\/www.bertiswiese.de\\\/?s={search_term_string}\"},\"query-input\":{\"@type\":\"PropertyValueSpecification\",\"valueRequired\":true,\"valueName\":\"search_term_string\"}}],\"inLanguage\":\"de\"},{\"@type\":[\"Person\",\"Organization\"],\"@id\":\"https:\\\/\\\/www.bertiswiese.de\\\/#\\\/schema\\\/person\\\/ffb93e6b6d8113e79449689ae7db33f9\",\"name\":\"Aron Bertiswiese.de\",\"image\":{\"@type\":\"ImageObject\",\"inLanguage\":\"de\",\"@id\":\"https:\\\/\\\/secure.gravatar.com\\\/avatar\\\/579d4862364bcf235fb0c0c98fcd0ecd8bd16182ae67d32d89e8bbe1ea847995?s=96&d=mm&r=g\",\"url\":\"https:\\\/\\\/secure.gravatar.com\\\/avatar\\\/579d4862364bcf235fb0c0c98fcd0ecd8bd16182ae67d32d89e8bbe1ea847995?s=96&d=mm&r=g\",\"contentUrl\":\"https:\\\/\\\/secure.gravatar.com\\\/avatar\\\/579d4862364bcf235fb0c0c98fcd0ecd8bd16182ae67d32d89e8bbe1ea847995?s=96&d=mm&r=g\",\"caption\":\"Aron Bertiswiese.de\"},\"logo\":{\"@id\":\"https:\\\/\\\/secure.gravatar.com\\\/avatar\\\/579d4862364bcf235fb0c0c98fcd0ecd8bd16182ae67d32d89e8bbe1ea847995?s=96&d=mm&r=g\"}}]}<\/script>\n<!-- \/ Yoast SEO plugin. -->","yoast_head_json":{"title":"Die Wiese - Bertis Wiese","robots":{"index":"index","follow":"follow","max-snippet":"max-snippet:-1","max-image-preview":"max-image-preview:large","max-video-preview":"max-video-preview:-1"},"canonical":"https:\/\/www.bertiswiese.de\/?page_id=28","og_locale":"de_DE","og_type":"article","og_title":"Die Wiese - Bertis Wiese","og_description":"Bertis Wiese Unser Wiese befindet sich auf dem Michaelsberg in Untergrombach. Sie ist im Bereich Untere Steig und hat eine","og_url":"https:\/\/www.bertiswiese.de\/?page_id=28","og_site_name":"Bertis Wiese","article_modified_time":"2019-11-10T18:39:24+00:00","og_image":[{"url":"http:\/\/bertiswiese.de\/wp-content\/uploads\/2019\/11\/Unbenannt-1024x655.jpg","type":"","width":"","height":""}],"twitter_card":"summary_large_image","twitter_misc":{"Gesch\u00e4tzte Lesezeit":"1\u00a0Minute"},"schema":{"@context":"https:\/\/schema.org","@graph":[{"@type":"WebPage","@id":"https:\/\/www.bertiswiese.de\/?page_id=28","url":"https:\/\/www.bertiswiese.de\/?page_id=28","name":"Die Wiese - Bertis Wiese","isPartOf":{"@id":"https:\/\/www.bertiswiese.de\/#website"},"primaryImageOfPage":{"@id":"https:\/\/www.bertiswiese.de\/?page_id=28#primaryimage"},"image":{"@id":"https:\/\/www.bertiswiese.de\/?page_id=28#primaryimage"},"thumbnailUrl":"http:\/\/bertiswiese.de\/wp-content\/uploads\/2019\/11\/Unbenannt-1024x655.jpg","datePublished":"2019-10-29T16:56:20+00:00","dateModified":"2019-11-10T18:39:24+00:00","breadcrumb":{"@id":"https:\/\/www.bertiswiese.de\/?page_id=28#breadcrumb"},"inLanguage":"de","potentialAction":[{"@type":"ReadAction","target":["https:\/\/www.bertiswiese.de\/?page_id=28"]}]},{"@type":"ImageObject","inLanguage":"de","@id":"https:\/\/www.bertiswiese.de\/?page_id=28#primaryimage","url":"http:\/\/bertiswiese.de\/wp-content\/uploads\/2019\/11\/Unbenannt-1024x655.jpg","contentUrl":"http:\/\/bertiswiese.de\/wp-content\/uploads\/2019\/11\/Unbenannt-1024x655.jpg"},{"@type":"BreadcrumbList","@id":"https:\/\/www.bertiswiese.de\/?page_id=28#breadcrumb","itemListElement":[{"@type":"ListItem","position":1,"name":"Startseite","item":"https:\/\/www.bertiswiese.de\/"},{"@type":"ListItem","position":2,"name":"Die Wiese"}]},{"@type":"WebSite","@id":"https:\/\/www.bertiswiese.de\/#website","url":"https:\/\/www.bertiswiese.de\/","name":"Bertis Wiese","description":"Unsere Streuobstwiese","publisher":{"@id":"https:\/\/www.bertiswiese.de\/#\/schema\/person\/ffb93e6b6d8113e79449689ae7db33f9"},"potentialAction":[{"@type":"SearchAction","target":{"@type":"EntryPoint","urlTemplate":"https:\/\/www.bertiswiese.de\/?s={search_term_string}"},"query-input":{"@type":"PropertyValueSpecification","valueRequired":true,"valueName":"search_term_string"}}],"inLanguage":"de"},{"@type":["Person","Organization"],"@id":"https:\/\/www.bertiswiese.de\/#\/schema\/person\/ffb93e6b6d8113e79449689ae7db33f9","name":"Aron Bertiswiese.de","image":{"@type":"ImageObject","inLanguage":"de","@id":"https:\/\/secure.gravatar.com\/avatar\/579d4862364bcf235fb0c0c98fcd0ecd8bd16182ae67d32d89e8bbe1ea847995?s=96&d=mm&r=g","url":"https:\/\/secure.gravatar.com\/avatar\/579d4862364bcf235fb0c0c98fcd0ecd8bd16182ae67d32d89e8bbe1ea847995?s=96&d=mm&r=g","contentUrl":"https:\/\/secure.gravatar.com\/avatar\/579d4862364bcf235fb0c0c98fcd0ecd8bd16182ae67d32d89e8bbe1ea847995?s=96&d=mm&r=g","caption":"Aron Bertiswiese.de"},"logo":{"@id":"https:\/\/secure.gravatar.com\/avatar\/579d4862364bcf235fb0c0c98fcd0ecd8bd16182ae67d32d89e8bbe1ea847995?s=96&d=mm&r=g"}}]}},"_links":{"self":[{"href":"https:\/\/www.bertiswiese.de\/index.php?rest_route=\/wp\/v2\/pages\/28","targetHints":{"allow":["GET"]}}],"collection":[{"href":"https:\/\/www.bertiswiese.de\/index.php?rest_route=\/wp\/v2\/pages"}],"about":[{"href":"https:\/\/www.bertiswiese.de\/index.php?rest_route=\/wp\/v2\/types\/page"}],"author":[{"embeddable":true,"href":"https:\/\/www.bertiswiese.de\/index.php?rest_route=\/wp\/v2\/users\/1"}],"replies":[{"embeddable":true,"href":"https:\/\/www.bertiswiese.de\/index.php?rest_route=%2Fwp%2Fv2%2Fcomments&post=28"}],"version-history":[{"count":5,"href":"https:\/\/www.bertiswiese.de\/index.php?rest_route=\/wp\/v2\/pages\/28\/revisions"}],"predecessor-version":[{"id":184,"href":"https:\/\/www.bertiswiese.de\/index.php?rest_route=\/wp\/v2\/pages\/28\/revisions\/184"}],"wp:attachment":[{"href":"https:\/\/www.bertiswiese.de\/index.php?rest_route=%2Fwp%2Fv2%2Fmedia&parent=28"}],"curies":[{"name":"wp","href":"https:\/\/api.w.org\/{rel}","templated":true}]}}