{"id":198,"date":"2019-11-17T15:11:10","date_gmt":"2019-11-17T15:11:10","guid":{"rendered":"http:\/\/bertiswiese.de\/?page_id=198"},"modified":"2019-11-17T15:11:55","modified_gmt":"2019-11-17T15:11:55","slug":"aus-bokashi-wird-terra-preta","status":"publish","type":"page","link":"https:\/\/www.bertiswiese.de\/?page_id=198","title":{"rendered":"Aus Bokashi Wird Terra Preta"},"content":{"rendered":"<p><!--StartFragment--><\/p>\n\n\n<p>Nachdem der Bokashi nun 3 Wochen verschlossen im Keller stand konnte er endlich vererdet werden. <\/p>\n\n\n\n<p>Daf\u00fcr habe ich auf unserer Wiese einen alten sauberen M\u00f6rtelk\u00fcbel eingegraben, voher habe ich nat\u00fcrlich ein gro\u00dfes Loch am Boden herausges\u00e4gt. Dadurch kommt der Bokashi in Kontakt mit der Erde und kann mit hilfe der Regenw\u00fcrmer weiter zersetzt werden.<\/p>\n\n\n\n<p>Nach einigen Wochen sollte dann die sogenannte Terra Preta entstehen. Ich rechne damit dass es in der jetzigen Jahreszeit etwas l\u00e4nger gehen wird. Wir werden sehen \ud83d\ude42<\/p>\n\n\n\n<figure class=\"wp-block-image size-large\"><img loading=\"lazy\" decoding=\"async\" width=\"1024\" height=\"768\" src=\"http:\/\/bertiswiese.de\/wp-content\/uploads\/2019\/11\/IMG_3004-1024x768.jpg\" alt=\"\" class=\"wp-image-191\" srcset=\"https:\/\/www.bertiswiese.de\/wp-content\/uploads\/2019\/11\/IMG_3004-1024x768.jpg 1024w, https:\/\/www.bertiswiese.de\/wp-content\/uploads\/2019\/11\/IMG_3004-300x225.jpg 300w, https:\/\/www.bertiswiese.de\/wp-content\/uploads\/2019\/11\/IMG_3004-768x576.jpg 768w, https:\/\/www.bertiswiese.de\/wp-content\/uploads\/2019\/11\/IMG_3004-1536x1152.jpg 1536w, https:\/\/www.bertiswiese.de\/wp-content\/uploads\/2019\/11\/IMG_3004-2048x1536.jpg 2048w\" sizes=\"auto, (max-width: 1024px) 100vw, 1024px\" \/><figcaption>Der Bokashi wird im K\u00fcbel mit Wiesenerde vermischt<br><\/figcaption><\/figure>\n\n\n\n<p>Ich habe den Bokashi im K\u00fcbel mit ca 1\/4 Wiesenerde vermischt zus\u00e4tzlich hatte ich noch alte Blumenerde dich ich auch mit in den K\u00fcbel gef\u00fcllt habe.<\/p>\n\n\n\n<p>Nachdem ich alles vermischt hatte, habe ich 100ml EM mit 5Liter Wasser vermischt und in den K\u00fcbel gegossen.<\/p>\n\n\n\n<figure class=\"wp-block-image size-large\"><img loading=\"lazy\" decoding=\"async\" width=\"1024\" height=\"768\" src=\"http:\/\/bertiswiese.de\/wp-content\/uploads\/2019\/11\/IMG_3006-1024x768.jpg\" alt=\"\" class=\"wp-image-192\" srcset=\"https:\/\/www.bertiswiese.de\/wp-content\/uploads\/2019\/11\/IMG_3006-1024x768.jpg 1024w, https:\/\/www.bertiswiese.de\/wp-content\/uploads\/2019\/11\/IMG_3006-300x225.jpg 300w, https:\/\/www.bertiswiese.de\/wp-content\/uploads\/2019\/11\/IMG_3006-768x576.jpg 768w, https:\/\/www.bertiswiese.de\/wp-content\/uploads\/2019\/11\/IMG_3006-1536x1152.jpg 1536w, https:\/\/www.bertiswiese.de\/wp-content\/uploads\/2019\/11\/IMG_3006-2048x1536.jpg 2048w\" sizes=\"auto, (max-width: 1024px) 100vw, 1024px\" \/><figcaption>Viele K\u00fcchenabf\u00e4lle sind noch nicht zersetzt das sollte sich aber in den n\u00e4chsten Wochen \u00e4ndern<br><\/figcaption><\/figure>\n\n\n\n<figure class=\"wp-block-image size-large\"><img loading=\"lazy\" decoding=\"async\" width=\"1024\" height=\"768\" src=\"http:\/\/bertiswiese.de\/wp-content\/uploads\/2019\/11\/IMG_3010-1024x768.jpg\" alt=\"\" class=\"wp-image-195\" srcset=\"https:\/\/www.bertiswiese.de\/wp-content\/uploads\/2019\/11\/IMG_3010-1024x768.jpg 1024w, https:\/\/www.bertiswiese.de\/wp-content\/uploads\/2019\/11\/IMG_3010-300x225.jpg 300w, https:\/\/www.bertiswiese.de\/wp-content\/uploads\/2019\/11\/IMG_3010-768x576.jpg 768w, https:\/\/www.bertiswiese.de\/wp-content\/uploads\/2019\/11\/IMG_3010-1536x1152.jpg 1536w, https:\/\/www.bertiswiese.de\/wp-content\/uploads\/2019\/11\/IMG_3010-2048x1536.jpg 2048w\" sizes=\"auto, (max-width: 1024px) 100vw, 1024px\" \/><figcaption>Deckel drauf, nun kann die Vererdung beginnen<br><\/figcaption><\/figure>\n\n\n<p><!--EndFragment--><\/p>","protected":false},"excerpt":{"rendered":"<p>Nachdem der Bokashi nun 3 Wochen verschlossen im Keller stand konnte er endlich vererdet werden. Daf\u00fcr habe ich auf unserer<\/p>\n","protected":false},"author":1,"featured_media":0,"parent":0,"menu_order":0,"comment_status":"closed","ping_status":"closed","template":"","meta":{"footnotes":""},"class_list":["post-198","page","type-page","status-publish","hentry"],"yoast_head":"<!-- This site is optimized with the Yoast SEO plugin v27.3 - https:\/\/yoast.com\/product\/yoast-seo-wordpress\/ -->\n<title>Aus Bokashi Wird Terra Preta - Bertis Wiese<\/title>\n<meta name=\"robots\" content=\"index, follow, max-snippet:-1, max-image-preview:large, max-video-preview:-1\" \/>\n<link rel=\"canonical\" href=\"https:\/\/www.bertiswiese.de\/?page_id=198\" \/>\n<meta property=\"og:locale\" content=\"de_DE\" \/>\n<meta property=\"og:type\" content=\"article\" \/>\n<meta property=\"og:title\" content=\"Aus Bokashi Wird Terra Preta - Bertis Wiese\" \/>\n<meta property=\"og:description\" content=\"Nachdem der Bokashi nun 3 Wochen verschlossen im Keller stand konnte er endlich vererdet werden. Daf\u00fcr habe ich auf unserer\" \/>\n<meta property=\"og:url\" content=\"https:\/\/www.bertiswiese.de\/?page_id=198\" \/>\n<meta property=\"og:site_name\" content=\"Bertis Wiese\" \/>\n<meta property=\"article:modified_time\" content=\"2019-11-17T15:11:55+00:00\" \/>\n<meta property=\"og:image\" content=\"http:\/\/bertiswiese.de\/wp-content\/uploads\/2019\/11\/IMG_3004-1024x768.jpg\" \/>\n<meta name=\"twitter:card\" content=\"summary_large_image\" \/>\n<meta name=\"twitter:label1\" content=\"Gesch\u00e4tzte Lesezeit\" \/>\n\t<meta name=\"twitter:data1\" content=\"1\u00a0Minute\" \/>\n<script type=\"application\/ld+json\" class=\"yoast-schema-graph\">{\"@context\":\"https:\\\/\\\/schema.org\",\"@graph\":[{\"@type\":\"WebPage\",\"@id\":\"https:\\\/\\\/www.bertiswiese.de\\\/?page_id=198\",\"url\":\"https:\\\/\\\/www.bertiswiese.de\\\/?page_id=198\",\"name\":\"Aus Bokashi Wird Terra Preta - Bertis Wiese\",\"isPartOf\":{\"@id\":\"https:\\\/\\\/www.bertiswiese.de\\\/#website\"},\"primaryImageOfPage\":{\"@id\":\"https:\\\/\\\/www.bertiswiese.de\\\/?page_id=198#primaryimage\"},\"image\":{\"@id\":\"https:\\\/\\\/www.bertiswiese.de\\\/?page_id=198#primaryimage\"},\"thumbnailUrl\":\"http:\\\/\\\/bertiswiese.de\\\/wp-content\\\/uploads\\\/2019\\\/11\\\/IMG_3004-1024x768.jpg\",\"datePublished\":\"2019-11-17T15:11:10+00:00\",\"dateModified\":\"2019-11-17T15:11:55+00:00\",\"breadcrumb\":{\"@id\":\"https:\\\/\\\/www.bertiswiese.de\\\/?page_id=198#breadcrumb\"},\"inLanguage\":\"de\",\"potentialAction\":[{\"@type\":\"ReadAction\",\"target\":[\"https:\\\/\\\/www.bertiswiese.de\\\/?page_id=198\"]}]},{\"@type\":\"ImageObject\",\"inLanguage\":\"de\",\"@id\":\"https:\\\/\\\/www.bertiswiese.de\\\/?page_id=198#primaryimage\",\"url\":\"http:\\\/\\\/bertiswiese.de\\\/wp-content\\\/uploads\\\/2019\\\/11\\\/IMG_3004-1024x768.jpg\",\"contentUrl\":\"http:\\\/\\\/bertiswiese.de\\\/wp-content\\\/uploads\\\/2019\\\/11\\\/IMG_3004-1024x768.jpg\"},{\"@type\":\"BreadcrumbList\",\"@id\":\"https:\\\/\\\/www.bertiswiese.de\\\/?page_id=198#breadcrumb\",\"itemListElement\":[{\"@type\":\"ListItem\",\"position\":1,\"name\":\"Startseite\",\"item\":\"https:\\\/\\\/www.bertiswiese.de\\\/\"},{\"@type\":\"ListItem\",\"position\":2,\"name\":\"Aus Bokashi Wird Terra Preta\"}]},{\"@type\":\"WebSite\",\"@id\":\"https:\\\/\\\/www.bertiswiese.de\\\/#website\",\"url\":\"https:\\\/\\\/www.bertiswiese.de\\\/\",\"name\":\"Bertis Wiese\",\"description\":\"Unsere Streuobstwiese\",\"publisher\":{\"@id\":\"https:\\\/\\\/www.bertiswiese.de\\\/#\\\/schema\\\/person\\\/ffb93e6b6d8113e79449689ae7db33f9\"},\"potentialAction\":[{\"@type\":\"SearchAction\",\"target\":{\"@type\":\"EntryPoint\",\"urlTemplate\":\"https:\\\/\\\/www.bertiswiese.de\\\/?s={search_term_string}\"},\"query-input\":{\"@type\":\"PropertyValueSpecification\",\"valueRequired\":true,\"valueName\":\"search_term_string\"}}],\"inLanguage\":\"de\"},{\"@type\":[\"Person\",\"Organization\"],\"@id\":\"https:\\\/\\\/www.bertiswiese.de\\\/#\\\/schema\\\/person\\\/ffb93e6b6d8113e79449689ae7db33f9\",\"name\":\"Aron Bertiswiese.de\",\"image\":{\"@type\":\"ImageObject\",\"inLanguage\":\"de\",\"@id\":\"https:\\\/\\\/secure.gravatar.com\\\/avatar\\\/579d4862364bcf235fb0c0c98fcd0ecd8bd16182ae67d32d89e8bbe1ea847995?s=96&d=mm&r=g\",\"url\":\"https:\\\/\\\/secure.gravatar.com\\\/avatar\\\/579d4862364bcf235fb0c0c98fcd0ecd8bd16182ae67d32d89e8bbe1ea847995?s=96&d=mm&r=g\",\"contentUrl\":\"https:\\\/\\\/secure.gravatar.com\\\/avatar\\\/579d4862364bcf235fb0c0c98fcd0ecd8bd16182ae67d32d89e8bbe1ea847995?s=96&d=mm&r=g\",\"caption\":\"Aron Bertiswiese.de\"},\"logo\":{\"@id\":\"https:\\\/\\\/secure.gravatar.com\\\/avatar\\\/579d4862364bcf235fb0c0c98fcd0ecd8bd16182ae67d32d89e8bbe1ea847995?s=96&d=mm&r=g\"}}]}<\/script>\n<!-- \/ Yoast SEO plugin. -->","yoast_head_json":{"title":"Aus Bokashi Wird Terra Preta - Bertis Wiese","robots":{"index":"index","follow":"follow","max-snippet":"max-snippet:-1","max-image-preview":"max-image-preview:large","max-video-preview":"max-video-preview:-1"},"canonical":"https:\/\/www.bertiswiese.de\/?page_id=198","og_locale":"de_DE","og_type":"article","og_title":"Aus Bokashi Wird Terra Preta - Bertis Wiese","og_description":"Nachdem der Bokashi nun 3 Wochen verschlossen im Keller stand konnte er endlich vererdet werden. Daf\u00fcr habe ich auf unserer","og_url":"https:\/\/www.bertiswiese.de\/?page_id=198","og_site_name":"Bertis Wiese","article_modified_time":"2019-11-17T15:11:55+00:00","og_image":[{"url":"http:\/\/bertiswiese.de\/wp-content\/uploads\/2019\/11\/IMG_3004-1024x768.jpg","type":"","width":"","height":""}],"twitter_card":"summary_large_image","twitter_misc":{"Gesch\u00e4tzte Lesezeit":"1\u00a0Minute"},"schema":{"@context":"https:\/\/schema.org","@graph":[{"@type":"WebPage","@id":"https:\/\/www.bertiswiese.de\/?page_id=198","url":"https:\/\/www.bertiswiese.de\/?page_id=198","name":"Aus Bokashi Wird Terra Preta - Bertis Wiese","isPartOf":{"@id":"https:\/\/www.bertiswiese.de\/#website"},"primaryImageOfPage":{"@id":"https:\/\/www.bertiswiese.de\/?page_id=198#primaryimage"},"image":{"@id":"https:\/\/www.bertiswiese.de\/?page_id=198#primaryimage"},"thumbnailUrl":"http:\/\/bertiswiese.de\/wp-content\/uploads\/2019\/11\/IMG_3004-1024x768.jpg","datePublished":"2019-11-17T15:11:10+00:00","dateModified":"2019-11-17T15:11:55+00:00","breadcrumb":{"@id":"https:\/\/www.bertiswiese.de\/?page_id=198#breadcrumb"},"inLanguage":"de","potentialAction":[{"@type":"ReadAction","target":["https:\/\/www.bertiswiese.de\/?page_id=198"]}]},{"@type":"ImageObject","inLanguage":"de","@id":"https:\/\/www.bertiswiese.de\/?page_id=198#primaryimage","url":"http:\/\/bertiswiese.de\/wp-content\/uploads\/2019\/11\/IMG_3004-1024x768.jpg","contentUrl":"http:\/\/bertiswiese.de\/wp-content\/uploads\/2019\/11\/IMG_3004-1024x768.jpg"},{"@type":"BreadcrumbList","@id":"https:\/\/www.bertiswiese.de\/?page_id=198#breadcrumb","itemListElement":[{"@type":"ListItem","position":1,"name":"Startseite","item":"https:\/\/www.bertiswiese.de\/"},{"@type":"ListItem","position":2,"name":"Aus Bokashi Wird Terra Preta"}]},{"@type":"WebSite","@id":"https:\/\/www.bertiswiese.de\/#website","url":"https:\/\/www.bertiswiese.de\/","name":"Bertis Wiese","description":"Unsere Streuobstwiese","publisher":{"@id":"https:\/\/www.bertiswiese.de\/#\/schema\/person\/ffb93e6b6d8113e79449689ae7db33f9"},"potentialAction":[{"@type":"SearchAction","target":{"@type":"EntryPoint","urlTemplate":"https:\/\/www.bertiswiese.de\/?s={search_term_string}"},"query-input":{"@type":"PropertyValueSpecification","valueRequired":true,"valueName":"search_term_string"}}],"inLanguage":"de"},{"@type":["Person","Organization"],"@id":"https:\/\/www.bertiswiese.de\/#\/schema\/person\/ffb93e6b6d8113e79449689ae7db33f9","name":"Aron Bertiswiese.de","image":{"@type":"ImageObject","inLanguage":"de","@id":"https:\/\/secure.gravatar.com\/avatar\/579d4862364bcf235fb0c0c98fcd0ecd8bd16182ae67d32d89e8bbe1ea847995?s=96&d=mm&r=g","url":"https:\/\/secure.gravatar.com\/avatar\/579d4862364bcf235fb0c0c98fcd0ecd8bd16182ae67d32d89e8bbe1ea847995?s=96&d=mm&r=g","contentUrl":"https:\/\/secure.gravatar.com\/avatar\/579d4862364bcf235fb0c0c98fcd0ecd8bd16182ae67d32d89e8bbe1ea847995?s=96&d=mm&r=g","caption":"Aron Bertiswiese.de"},"logo":{"@id":"https:\/\/secure.gravatar.com\/avatar\/579d4862364bcf235fb0c0c98fcd0ecd8bd16182ae67d32d89e8bbe1ea847995?s=96&d=mm&r=g"}}]}},"_links":{"self":[{"href":"https:\/\/www.bertiswiese.de\/index.php?rest_route=\/wp\/v2\/pages\/198","targetHints":{"allow":["GET"]}}],"collection":[{"href":"https:\/\/www.bertiswiese.de\/index.php?rest_route=\/wp\/v2\/pages"}],"about":[{"href":"https:\/\/www.bertiswiese.de\/index.php?rest_route=\/wp\/v2\/types\/page"}],"author":[{"embeddable":true,"href":"https:\/\/www.bertiswiese.de\/index.php?rest_route=\/wp\/v2\/users\/1"}],"replies":[{"embeddable":true,"href":"https:\/\/www.bertiswiese.de\/index.php?rest_route=%2Fwp%2Fv2%2Fcomments&post=198"}],"version-history":[{"count":2,"href":"https:\/\/www.bertiswiese.de\/index.php?rest_route=\/wp\/v2\/pages\/198\/revisions"}],"predecessor-version":[{"id":202,"href":"https:\/\/www.bertiswiese.de\/index.php?rest_route=\/wp\/v2\/pages\/198\/revisions\/202"}],"wp:attachment":[{"href":"https:\/\/www.bertiswiese.de\/index.php?rest_route=%2Fwp%2Fv2%2Fmedia&parent=198"}],"curies":[{"name":"wp","href":"https:\/\/api.w.org\/{rel}","templated":true}]}}